{"id":590,"date":"2014-12-04T18:11:10","date_gmt":"2014-12-04T17:11:10","guid":{"rendered":"http:\/\/comclimacom-hodu.savviihq.com\/contact-2\/"},"modified":"2015-06-10T14:55:41","modified_gmt":"2015-06-10T13:55:41","slug":"kontakt","status":"publish","type":"page","link":"https:\/\/www.clima-comfort.com\/de\/kontakt\/","title":{"rendered":"Kontakt"},"content":{"rendered":"<p><span lang=\"DE\">Unsere Matratzen und anderen Bettenprodukte sind von hoher Qualit\u00e4t ebenso wie unsere Ratschl\u00e4ge zum guten Schlaf. ClimaComfort legt Wert auf fachgem\u00e4\u00dfe und vollst\u00e4ndige Informationen. <\/span><\/p>\n<h2><span lang=\"DE\">Nehmen Sie Kontakt mit uns auf<\/span><\/h2>\n<p><span lang=\"DE\">Sollten Sie noch Fragen haben, Ratschl\u00e4ge oder Hilfe ben\u00f6tigen, dann f\u00fcllen Sie einfach das folgende Formular aus. Wir nehmen dann so schnell wie m\u00f6glich Kontakt zu Ihnen auf. <\/span><\/p>\n<h2><span lang=\"DE\">Lesen Sie mehr \u00fcber ClimaComfort-Matratzen<\/span><\/h2>\n<p><span lang=\"DE\">Haben Sie unsere <a href=\"https:\/\/clima-comfort.com\/de\/produkten\/\" target=\"_blank\">Produktbeschreibungen <\/a>schon gelesen? Jede Matratze hat ihre eigenen, spezifischen Merkmale. Sie k\u00f6nnen sie ganz in Ruhe durchlesen.<\/span><\/p>\n","protected":false},"excerpt":{"rendered":"<p>Unsere Matratzen und anderen Bettenprodukte sind von hoher Qualit\u00e4t ebenso wie unsere Ratschl\u00e4ge zum guten Schlaf. ClimaComfort legt Wert auf fachgem\u00e4\u00dfe und vollst\u00e4ndige Informationen. Nehmen Sie Kontakt mit uns auf Sollten Sie noch Fragen haben, Ratschl\u00e4ge oder Hilfe ben\u00f6tigen, dann f\u00fcllen Sie einfach das folgende Formular aus. Wir nehmen dann so schnell wie m\u00f6glich Kontakt [&hellip;]<\/p>\n","protected":false},"author":5,"featured_media":189,"parent":0,"menu_order":0,"comment_status":"open","ping_status":"open","template":"","meta":{"_acf_changed":false,"footnotes":""},"class_list":["post-590","page","type-page","status-publish","has-post-thumbnail","hentry"],"acf":[],"yoast_head":"<!-- This site is optimized with the Yoast SEO plugin v24.4 - https:\/\/yoast.com\/wordpress\/plugins\/seo\/ -->\n<title>Kontakt - ClimaComfort<\/title>\n<meta name=\"description\" content=\"Neem contact op met ClimaComfort als u op zoek bent naar de beste klimatiserende en ergonomische matrassen en andere slaapproducten in Nederland.\" \/>\n<meta name=\"robots\" content=\"index, follow, max-snippet:-1, max-image-preview:large, max-video-preview:-1\" \/>\n<link rel=\"canonical\" href=\"https:\/\/www.clima-comfort.com\/de\/kontakt\/\" \/>\n<meta property=\"og:locale\" content=\"de_DE\" \/>\n<meta property=\"og:type\" content=\"article\" \/>\n<meta property=\"og:title\" content=\"Kontakt - ClimaComfort\" \/>\n<meta property=\"og:description\" content=\"Neem contact op met ClimaComfort als u op zoek bent naar de beste klimatiserende en ergonomische matrassen en andere slaapproducten in Nederland.\" \/>\n<meta property=\"og:url\" content=\"https:\/\/www.clima-comfort.com\/de\/kontakt\/\" \/>\n<meta property=\"og:site_name\" content=\"ClimaComfort\" \/>\n<meta property=\"article:modified_time\" content=\"2015-06-10T13:55:41+00:00\" \/>\n<meta property=\"og:image\" content=\"https:\/\/www.clima-comfort.com\/wp-content\/uploads\/2014\/12\/slide-over-clima4.jpg\" \/>\n\t<meta property=\"og:image:width\" content=\"1300\" \/>\n\t<meta property=\"og:image:height\" content=\"352\" \/>\n\t<meta property=\"og:image:type\" content=\"image\/jpeg\" \/>\n<script type=\"application\/ld+json\" class=\"yoast-schema-graph\">{\"@context\":\"https:\/\/schema.org\",\"@graph\":[{\"@type\":\"WebPage\",\"@id\":\"https:\/\/www.clima-comfort.com\/de\/kontakt\/\",\"url\":\"https:\/\/www.clima-comfort.com\/de\/kontakt\/\",\"name\":\"Kontakt - ClimaComfort\",\"isPartOf\":{\"@id\":\"https:\/\/www.clima-comfort.com\/#website\"},\"primaryImageOfPage\":{\"@id\":\"https:\/\/www.clima-comfort.com\/de\/kontakt\/#primaryimage\"},\"image\":{\"@id\":\"https:\/\/www.clima-comfort.com\/de\/kontakt\/#primaryimage\"},\"thumbnailUrl\":\"https:\/\/www.clima-comfort.com\/wp-content\/uploads\/2014\/12\/slide-over-clima4.jpg\",\"datePublished\":\"2014-12-04T17:11:10+00:00\",\"dateModified\":\"2015-06-10T13:55:41+00:00\",\"description\":\"Neem contact op met ClimaComfort als u op zoek bent naar de beste klimatiserende en ergonomische matrassen en andere slaapproducten in Nederland.\",\"breadcrumb\":{\"@id\":\"https:\/\/www.clima-comfort.com\/de\/kontakt\/#breadcrumb\"},\"inLanguage\":\"de\",\"potentialAction\":[{\"@type\":\"ReadAction\",\"target\":[\"https:\/\/www.clima-comfort.com\/de\/kontakt\/\"]}]},{\"@type\":\"ImageObject\",\"inLanguage\":\"de\",\"@id\":\"https:\/\/www.clima-comfort.com\/de\/kontakt\/#primaryimage\",\"url\":\"https:\/\/www.clima-comfort.com\/wp-content\/uploads\/2014\/12\/slide-over-clima4.jpg\",\"contentUrl\":\"https:\/\/www.clima-comfort.com\/wp-content\/uploads\/2014\/12\/slide-over-clima4.jpg\",\"width\":1300,\"height\":352},{\"@type\":\"BreadcrumbList\",\"@id\":\"https:\/\/www.clima-comfort.com\/de\/kontakt\/#breadcrumb\",\"itemListElement\":[{\"@type\":\"ListItem\",\"position\":1,\"name\":\"Home\",\"item\":\"https:\/\/www.clima-comfort.com\/\"},{\"@type\":\"ListItem\",\"position\":2,\"name\":\"Kontakt\"}]},{\"@type\":\"WebSite\",\"@id\":\"https:\/\/www.clima-comfort.com\/#website\",\"url\":\"https:\/\/www.clima-comfort.com\/\",\"name\":\"ClimaComfort\",\"description\":\"Matrassen met een uniek gevoel!\",\"potentialAction\":[{\"@type\":\"SearchAction\",\"target\":{\"@type\":\"EntryPoint\",\"urlTemplate\":\"https:\/\/www.clima-comfort.com\/?s={search_term_string}\"},\"query-input\":{\"@type\":\"PropertyValueSpecification\",\"valueRequired\":true,\"valueName\":\"search_term_string\"}}],\"inLanguage\":\"de\"}]}<\/script>\n<!-- \/ Yoast SEO plugin. -->","yoast_head_json":{"title":"Kontakt - ClimaComfort","description":"Neem contact op met ClimaComfort als u op zoek bent naar de beste klimatiserende en ergonomische matrassen en andere slaapproducten in Nederland.","robots":{"index":"index","follow":"follow","max-snippet":"max-snippet:-1","max-image-preview":"max-image-preview:large","max-video-preview":"max-video-preview:-1"},"canonical":"https:\/\/www.clima-comfort.com\/de\/kontakt\/","og_locale":"de_DE","og_type":"article","og_title":"Kontakt - ClimaComfort","og_description":"Neem contact op met ClimaComfort als u op zoek bent naar de beste klimatiserende en ergonomische matrassen en andere slaapproducten in Nederland.","og_url":"https:\/\/www.clima-comfort.com\/de\/kontakt\/","og_site_name":"ClimaComfort","article_modified_time":"2015-06-10T13:55:41+00:00","og_image":[{"width":1300,"height":352,"url":"https:\/\/www.clima-comfort.com\/wp-content\/uploads\/2014\/12\/slide-over-clima4.jpg","type":"image\/jpeg"}],"schema":{"@context":"https:\/\/schema.org","@graph":[{"@type":"WebPage","@id":"https:\/\/www.clima-comfort.com\/de\/kontakt\/","url":"https:\/\/www.clima-comfort.com\/de\/kontakt\/","name":"Kontakt - ClimaComfort","isPartOf":{"@id":"https:\/\/www.clima-comfort.com\/#website"},"primaryImageOfPage":{"@id":"https:\/\/www.clima-comfort.com\/de\/kontakt\/#primaryimage"},"image":{"@id":"https:\/\/www.clima-comfort.com\/de\/kontakt\/#primaryimage"},"thumbnailUrl":"https:\/\/www.clima-comfort.com\/wp-content\/uploads\/2014\/12\/slide-over-clima4.jpg","datePublished":"2014-12-04T17:11:10+00:00","dateModified":"2015-06-10T13:55:41+00:00","description":"Neem contact op met ClimaComfort als u op zoek bent naar de beste klimatiserende en ergonomische matrassen en andere slaapproducten in Nederland.","breadcrumb":{"@id":"https:\/\/www.clima-comfort.com\/de\/kontakt\/#breadcrumb"},"inLanguage":"de","potentialAction":[{"@type":"ReadAction","target":["https:\/\/www.clima-comfort.com\/de\/kontakt\/"]}]},{"@type":"ImageObject","inLanguage":"de","@id":"https:\/\/www.clima-comfort.com\/de\/kontakt\/#primaryimage","url":"https:\/\/www.clima-comfort.com\/wp-content\/uploads\/2014\/12\/slide-over-clima4.jpg","contentUrl":"https:\/\/www.clima-comfort.com\/wp-content\/uploads\/2014\/12\/slide-over-clima4.jpg","width":1300,"height":352},{"@type":"BreadcrumbList","@id":"https:\/\/www.clima-comfort.com\/de\/kontakt\/#breadcrumb","itemListElement":[{"@type":"ListItem","position":1,"name":"Home","item":"https:\/\/www.clima-comfort.com\/"},{"@type":"ListItem","position":2,"name":"Kontakt"}]},{"@type":"WebSite","@id":"https:\/\/www.clima-comfort.com\/#website","url":"https:\/\/www.clima-comfort.com\/","name":"ClimaComfort","description":"Matrassen met een uniek gevoel!","potentialAction":[{"@type":"SearchAction","target":{"@type":"EntryPoint","urlTemplate":"https:\/\/www.clima-comfort.com\/?s={search_term_string}"},"query-input":{"@type":"PropertyValueSpecification","valueRequired":true,"valueName":"search_term_string"}}],"inLanguage":"de"}]}},"_links":{"self":[{"href":"https:\/\/www.clima-comfort.com\/de\/wp-json\/wp\/v2\/pages\/590","targetHints":{"allow":["GET"]}}],"collection":[{"href":"https:\/\/www.clima-comfort.com\/de\/wp-json\/wp\/v2\/pages"}],"about":[{"href":"https:\/\/www.clima-comfort.com\/de\/wp-json\/wp\/v2\/types\/page"}],"author":[{"embeddable":true,"href":"https:\/\/www.clima-comfort.com\/de\/wp-json\/wp\/v2\/users\/5"}],"replies":[{"embeddable":true,"href":"https:\/\/www.clima-comfort.com\/de\/wp-json\/wp\/v2\/comments?post=590"}],"version-history":[{"count":5,"href":"https:\/\/www.clima-comfort.com\/de\/wp-json\/wp\/v2\/pages\/590\/revisions"}],"predecessor-version":[{"id":849,"href":"https:\/\/www.clima-comfort.com\/de\/wp-json\/wp\/v2\/pages\/590\/revisions\/849"}],"wp:featuredmedia":[{"embeddable":true,"href":"https:\/\/www.clima-comfort.com\/de\/wp-json\/wp\/v2\/media\/189"}],"wp:attachment":[{"href":"https:\/\/www.clima-comfort.com\/de\/wp-json\/wp\/v2\/media?parent=590"}],"curies":[{"name":"wp","href":"https:\/\/api.w.org\/{rel}","templated":true}]}}