{"id":599,"date":"2014-12-05T09:03:23","date_gmt":"2014-12-05T08:03:23","guid":{"rendered":"http:\/\/comclimacom-hodu.savviihq.com\/disclaimer-2\/"},"modified":"2015-06-12T10:07:20","modified_gmt":"2015-06-12T09:07:20","slug":"disclaimer","status":"publish","type":"page","link":"https:\/\/www.clima-comfort.com\/de\/disclaimer\/","title":{"rendered":"Disclaimer"},"content":{"rendered":"<p>Maxtras<br \/>\nSnelliusstraat 5-A<br \/>\n6604 BZ Wijchen<\/p>\n<p>Telefon: 024-356 7846<\/p>\n<p>E-Mail: info@maxtras.nl<br \/>\nInternet: www.maxtras.nl<\/p>\n<p>Vertretungsberechtigter Gesch\u00e4ftsf\u00fchrer: Frits Treffers<br \/>\nRegistergericht: Kamer van Koophandel Arnhem<br \/>\nRegisternummer: 09120424<\/p>\n<p>Umsatzsteuer-Identifikationsnummer: NL810793611B01<br \/>\nInhaltlich Verantwortlicher: W.L.F. Treffers<\/p>\n<p><span lang=\"DE\">ClimaComfort, im Folgenden CC, gestattet Ihnen hiermit den Zugang zu https:\/\/www.clima-comfort.nl (\u201eder Website\u201c) und l\u00e4dt Sie ein, die angebotenen Artikel zu kaufen.<\/span><\/p>\n<p><span lang=\"DE\">CC beh\u00e4lt sich das Recht vor, den Inhalt jederzeit anzupassen oder Teile zu entfernen, ohne vorab dar\u00fcber zu informieren. <\/span><\/p>\n<h3><span lang=\"DE\">Beschr\u00e4nkte Haftung<\/span><\/h3>\n<p><span lang=\"DE\">CC bem\u00fcht sich, den Inhalt der Website so oft wie m\u00f6glich zu aktualisieren und\/oder zu erg\u00e4nzen. Trotz dieser Sorgfalt und Aufmerksamkeit ist es m\u00f6glich, dass Inhalte unvollst\u00e4ndig und\/oder unrichtig sind. <\/span><\/p>\n<p><span lang=\"DE\">Die auf der Website angebotenen Materialien werden ohne eine Form der Garantie oder einen Anspruch auf Richtigkeit pr\u00e4sentiert. Diese Materialien k\u00f6nnen sich \u2013 ohne vorherige Bekanntgabe durch CC \u2013 jederzeit \u00e4ndern.<\/span><\/p>\n<p><span lang=\"DE\">Speziell f\u00fcr Preise und Produktinformationen auf der Website gilt ein Vorbehalt f\u00fcr offensichtliche Programmier- und Tippfehler. Sie k\u00f6nnen sich aufgrund derartiger Fehler niemals auf eine \u00dcbereinkunft mit CC berufen. F\u00fcr Hyperlinks zu Websites oder Dienstleistungen von Dritten kann CC niemals haftbar gemacht werden. <\/span><\/p>\n<h3><span lang=\"DE\">Urheberrechte<\/span><\/h3>\n<p><span lang=\"DE\">Alle Rechte des geistigen Eigentums an diesen Materialien liegen bei CC. <\/span><\/p>\n<p><span lang=\"DE\">Das Kopieren, Verteilen oder eine andere Nutzung dieser Materialien ist ohne die schriftliche Genehmigung von CC nicht gestattet, au\u00dfer in den F\u00e4llen und nur dann, in denen es in Regelungen des zwingenden Rechts (beispielsweise im Zitatrecht) abweichend festgelegt ist, es sei denn, es ist bei speziellen Materialien anders angegeben.<\/span><\/p>\n","protected":false},"excerpt":{"rendered":"<p>Maxtras Snelliusstraat 5-A 6604 BZ Wijchen Telefon: 024-356 7846 E-Mail: info@maxtras.nl Internet: www.maxtras.nl Vertretungsberechtigter Gesch\u00e4ftsf\u00fchrer: Frits Treffers Registergericht: Kamer van Koophandel Arnhem Registernummer: 09120424 Umsatzsteuer-Identifikationsnummer: NL810793611B01 Inhaltlich Verantwortlicher: W.L.F. Treffers ClimaComfort, im Folgenden CC, gestattet Ihnen hiermit den Zugang zu https:\/\/www.clima-comfort.nl (\u201eder Website\u201c) und l\u00e4dt Sie ein, die angebotenen Artikel zu kaufen. CC beh\u00e4lt sich [&hellip;]<\/p>\n","protected":false},"author":5,"featured_media":0,"parent":0,"menu_order":0,"comment_status":"open","ping_status":"open","template":"","meta":{"_acf_changed":false,"footnotes":""},"class_list":["post-599","page","type-page","status-publish","hentry"],"acf":[],"yoast_head":"<!-- This site is optimized with the Yoast SEO plugin v24.4 - https:\/\/yoast.com\/wordpress\/plugins\/seo\/ -->\n<title>Disclaimer - ClimaComfort<\/title>\n<meta name=\"description\" content=\"Ultiem slaapcomfort is met ClimaComfort binnen handbereik. Bekijk hier de disclaimer van ClimaComfort.\" \/>\n<meta name=\"robots\" content=\"index, follow, max-snippet:-1, max-image-preview:large, max-video-preview:-1\" \/>\n<link rel=\"canonical\" href=\"https:\/\/www.clima-comfort.com\/de\/disclaimer\/\" \/>\n<meta property=\"og:locale\" content=\"de_DE\" \/>\n<meta property=\"og:type\" content=\"article\" \/>\n<meta property=\"og:title\" content=\"Disclaimer - ClimaComfort\" \/>\n<meta property=\"og:description\" content=\"Ultiem slaapcomfort is met ClimaComfort binnen handbereik. Bekijk hier de disclaimer van ClimaComfort.\" \/>\n<meta property=\"og:url\" content=\"https:\/\/www.clima-comfort.com\/de\/disclaimer\/\" \/>\n<meta property=\"og:site_name\" content=\"ClimaComfort\" \/>\n<meta property=\"article:modified_time\" content=\"2015-06-12T09:07:20+00:00\" \/>\n<meta name=\"twitter:label1\" content=\"Gesch\u00e4tzte Lesezeit\" \/>\n\t<meta name=\"twitter:data1\" content=\"1\u00a0Minute\" \/>\n<script type=\"application\/ld+json\" class=\"yoast-schema-graph\">{\"@context\":\"https:\/\/schema.org\",\"@graph\":[{\"@type\":\"WebPage\",\"@id\":\"https:\/\/www.clima-comfort.com\/de\/disclaimer\/\",\"url\":\"https:\/\/www.clima-comfort.com\/de\/disclaimer\/\",\"name\":\"Disclaimer - ClimaComfort\",\"isPartOf\":{\"@id\":\"https:\/\/www.clima-comfort.com\/#website\"},\"datePublished\":\"2014-12-05T08:03:23+00:00\",\"dateModified\":\"2015-06-12T09:07:20+00:00\",\"description\":\"Ultiem slaapcomfort is met ClimaComfort binnen handbereik. Bekijk hier de disclaimer van ClimaComfort.\",\"breadcrumb\":{\"@id\":\"https:\/\/www.clima-comfort.com\/de\/disclaimer\/#breadcrumb\"},\"inLanguage\":\"de\",\"potentialAction\":[{\"@type\":\"ReadAction\",\"target\":[\"https:\/\/www.clima-comfort.com\/de\/disclaimer\/\"]}]},{\"@type\":\"BreadcrumbList\",\"@id\":\"https:\/\/www.clima-comfort.com\/de\/disclaimer\/#breadcrumb\",\"itemListElement\":[{\"@type\":\"ListItem\",\"position\":1,\"name\":\"Home\",\"item\":\"https:\/\/www.clima-comfort.com\/\"},{\"@type\":\"ListItem\",\"position\":2,\"name\":\"Disclaimer\"}]},{\"@type\":\"WebSite\",\"@id\":\"https:\/\/www.clima-comfort.com\/#website\",\"url\":\"https:\/\/www.clima-comfort.com\/\",\"name\":\"ClimaComfort\",\"description\":\"Matrassen met een uniek gevoel!\",\"potentialAction\":[{\"@type\":\"SearchAction\",\"target\":{\"@type\":\"EntryPoint\",\"urlTemplate\":\"https:\/\/www.clima-comfort.com\/?s={search_term_string}\"},\"query-input\":{\"@type\":\"PropertyValueSpecification\",\"valueRequired\":true,\"valueName\":\"search_term_string\"}}],\"inLanguage\":\"de\"}]}<\/script>\n<!-- \/ Yoast SEO plugin. -->","yoast_head_json":{"title":"Disclaimer - ClimaComfort","description":"Ultiem slaapcomfort is met ClimaComfort binnen handbereik. Bekijk hier de disclaimer van ClimaComfort.","robots":{"index":"index","follow":"follow","max-snippet":"max-snippet:-1","max-image-preview":"max-image-preview:large","max-video-preview":"max-video-preview:-1"},"canonical":"https:\/\/www.clima-comfort.com\/de\/disclaimer\/","og_locale":"de_DE","og_type":"article","og_title":"Disclaimer - ClimaComfort","og_description":"Ultiem slaapcomfort is met ClimaComfort binnen handbereik. Bekijk hier de disclaimer van ClimaComfort.","og_url":"https:\/\/www.clima-comfort.com\/de\/disclaimer\/","og_site_name":"ClimaComfort","article_modified_time":"2015-06-12T09:07:20+00:00","twitter_misc":{"Gesch\u00e4tzte Lesezeit":"1\u00a0Minute"},"schema":{"@context":"https:\/\/schema.org","@graph":[{"@type":"WebPage","@id":"https:\/\/www.clima-comfort.com\/de\/disclaimer\/","url":"https:\/\/www.clima-comfort.com\/de\/disclaimer\/","name":"Disclaimer - ClimaComfort","isPartOf":{"@id":"https:\/\/www.clima-comfort.com\/#website"},"datePublished":"2014-12-05T08:03:23+00:00","dateModified":"2015-06-12T09:07:20+00:00","description":"Ultiem slaapcomfort is met ClimaComfort binnen handbereik. Bekijk hier de disclaimer van ClimaComfort.","breadcrumb":{"@id":"https:\/\/www.clima-comfort.com\/de\/disclaimer\/#breadcrumb"},"inLanguage":"de","potentialAction":[{"@type":"ReadAction","target":["https:\/\/www.clima-comfort.com\/de\/disclaimer\/"]}]},{"@type":"BreadcrumbList","@id":"https:\/\/www.clima-comfort.com\/de\/disclaimer\/#breadcrumb","itemListElement":[{"@type":"ListItem","position":1,"name":"Home","item":"https:\/\/www.clima-comfort.com\/"},{"@type":"ListItem","position":2,"name":"Disclaimer"}]},{"@type":"WebSite","@id":"https:\/\/www.clima-comfort.com\/#website","url":"https:\/\/www.clima-comfort.com\/","name":"ClimaComfort","description":"Matrassen met een uniek gevoel!","potentialAction":[{"@type":"SearchAction","target":{"@type":"EntryPoint","urlTemplate":"https:\/\/www.clima-comfort.com\/?s={search_term_string}"},"query-input":{"@type":"PropertyValueSpecification","valueRequired":true,"valueName":"search_term_string"}}],"inLanguage":"de"}]}},"_links":{"self":[{"href":"https:\/\/www.clima-comfort.com\/de\/wp-json\/wp\/v2\/pages\/599","targetHints":{"allow":["GET"]}}],"collection":[{"href":"https:\/\/www.clima-comfort.com\/de\/wp-json\/wp\/v2\/pages"}],"about":[{"href":"https:\/\/www.clima-comfort.com\/de\/wp-json\/wp\/v2\/types\/page"}],"author":[{"embeddable":true,"href":"https:\/\/www.clima-comfort.com\/de\/wp-json\/wp\/v2\/users\/5"}],"replies":[{"embeddable":true,"href":"https:\/\/www.clima-comfort.com\/de\/wp-json\/wp\/v2\/comments?post=599"}],"version-history":[{"count":4,"href":"https:\/\/www.clima-comfort.com\/de\/wp-json\/wp\/v2\/pages\/599\/revisions"}],"predecessor-version":[{"id":877,"href":"https:\/\/www.clima-comfort.com\/de\/wp-json\/wp\/v2\/pages\/599\/revisions\/877"}],"wp:attachment":[{"href":"https:\/\/www.clima-comfort.com\/de\/wp-json\/wp\/v2\/media?parent=599"}],"curies":[{"name":"wp","href":"https:\/\/api.w.org\/{rel}","templated":true}]}}