{"id":604,"date":"2014-12-03T16:13:07","date_gmt":"2014-12-03T15:13:07","guid":{"rendered":"http:\/\/comclimacom-hodu.savviihq.com\/over-climacomfort-2\/"},"modified":"2015-10-26T16:56:19","modified_gmt":"2015-10-26T15:56:19","slug":"uber-climacomfort","status":"publish","type":"page","link":"https:\/\/www.clima-comfort.com\/de\/uber-climacomfort\/","title":{"rendered":"\u00dcber ClimaComfort"},"content":{"rendered":"<p><strong>\u00dcber ClimaComfort<\/strong><\/p>\n<p>Sie kennen das Gef\u00fchl ganz sicher: ein sp\u00e4tsommerlicher Spaziergang barfu\u00df durch den Sand, eine erfrischende Brise an den Beinen. Ein perfektes, entspanntes und zufriedenes Gef\u00fchl. Wir von ClimaComfort m\u00f6chten Ihnen dieses Gef\u00fchl vermitteln, jeden Tag aufs Neue.<\/p>\n<p>Wir gehen mit Liebe zum Fach an unsere ClimaComfort-Produkte. Und wir wissen aus Erfahrung: Erst dann schl\u00e4ft es sich gut.<\/p>\n<p><strong>Warum eine ClimaComfort-Matratze?<\/strong><\/p>\n<ul>\n<li>Revolution\u00e4re <a href=\"https:\/\/clima-comfort.com\/de\/uber-climacomfort\/eigenschaften\/luft\/\">klimaregulierende Wirkung<\/a><\/li>\n<li><a href=\"https:\/\/clima-comfort.com\/de\/swiss-technology-inside\/\">Innovative schweizerische Technologie<\/a><\/li>\n<li><a href=\"https:\/\/clima-comfort.com\/de\/uber-climacomfort\/617-2\/\">Europ\u00e4ische Fachkompetenz<\/a><\/li>\n<li><a href=\"https:\/\/clima-comfort.com\/climacomfort\/kenmerken\/ergonomische-basis\/\">Ergonomische Basis<\/a><\/li>\n<li>Ideales Schlafklima<\/li>\n<\/ul>\n<p><strong>Klimaregulierende Matratzen f\u00fcr ein ideales Schlafklima<\/strong><\/p>\n<p>ClimaComfort stellt Matratzen mit einer revolution\u00e4ren klimaregulierenden Wirkung her. Entdecken Sie, was unser innovativer Matratzenschaumstoff\u00a0<a href=\"https:\/\/clima-comfort.com\/de\/uber-climacomfort\/climafoam\/\">CLIMAFOAM\u00ae<\/a>\u00a0f\u00fcr Sie bedeuten kann.<\/p>\n<p>ClimaComfort steht f\u00fcr eine au\u00dferordentliche europ\u00e4ische Fachkompetenz in Kombination mit exzellenter, innovativer Technologie aus der Schweiz. So schaffen wir ein ideales, angenehmes Schlafklima.<\/p>\n<p>Schauen Sie sich unsere <a href=\"https:\/\/clima-comfort.com\/de\/produkten\/\">Matratzen und anderen Bettenprodukte<\/a> an, um ganz in Ruhe die richtige Wahl zu treffen.<\/p>\n<p><strong><em>Climate control in sleeping comfort.<\/em><\/strong><\/p>\n","protected":false},"excerpt":{"rendered":"<p>\u00dcber ClimaComfort Sie kennen das Gef\u00fchl ganz sicher: ein sp\u00e4tsommerlicher Spaziergang barfu\u00df durch den Sand, eine erfrischende Brise an den Beinen. Ein perfektes, entspanntes und zufriedenes Gef\u00fchl. Wir von ClimaComfort m\u00f6chten Ihnen dieses Gef\u00fchl vermitteln, jeden Tag aufs Neue. Wir gehen mit Liebe zum Fach an unsere ClimaComfort-Produkte. Und wir wissen aus Erfahrung: Erst dann [&hellip;]<\/p>\n","protected":false},"author":5,"featured_media":995,"parent":0,"menu_order":0,"comment_status":"open","ping_status":"open","template":"","meta":{"_acf_changed":false,"footnotes":""},"class_list":["post-604","page","type-page","status-publish","has-post-thumbnail","hentry"],"acf":[],"yoast_head":"<!-- This site is optimized with the Yoast SEO plugin v24.4 - https:\/\/yoast.com\/wordpress\/plugins\/seo\/ -->\n<title>\u00dcber ClimaComfort - ClimaComfort<\/title>\n<meta name=\"description\" content=\"Ultiem slaapcomfort is met ClimaComfort binnen handbereik. Optimale slaaptemperatuur, optimale nachtrust. Bestel uw ClimaComfort matras vandaag nog!\" \/>\n<meta name=\"robots\" content=\"index, follow, max-snippet:-1, max-image-preview:large, max-video-preview:-1\" \/>\n<link rel=\"canonical\" href=\"https:\/\/www.clima-comfort.com\/de\/uber-climacomfort\/\" \/>\n<meta property=\"og:locale\" content=\"de_DE\" \/>\n<meta property=\"og:type\" content=\"article\" \/>\n<meta property=\"og:title\" content=\"\u00dcber ClimaComfort - ClimaComfort\" \/>\n<meta property=\"og:description\" content=\"Ultiem slaapcomfort is met ClimaComfort binnen handbereik. Optimale slaaptemperatuur, optimale nachtrust. Bestel uw ClimaComfort matras vandaag nog!\" \/>\n<meta property=\"og:url\" content=\"https:\/\/www.clima-comfort.com\/de\/uber-climacomfort\/\" \/>\n<meta property=\"og:site_name\" content=\"ClimaComfort\" \/>\n<meta property=\"article:modified_time\" content=\"2015-10-26T15:56:19+00:00\" \/>\n<meta property=\"og:image\" content=\"https:\/\/www.clima-comfort.com\/wp-content\/uploads\/2014\/12\/slide-over-clima5.jpg\" \/>\n\t<meta property=\"og:image:width\" content=\"1300\" \/>\n\t<meta property=\"og:image:height\" content=\"352\" \/>\n\t<meta property=\"og:image:type\" content=\"image\/jpeg\" \/>\n<meta name=\"twitter:label1\" content=\"Gesch\u00e4tzte Lesezeit\" \/>\n\t<meta name=\"twitter:data1\" content=\"1\u00a0Minute\" \/>\n<script type=\"application\/ld+json\" class=\"yoast-schema-graph\">{\"@context\":\"https:\/\/schema.org\",\"@graph\":[{\"@type\":\"WebPage\",\"@id\":\"https:\/\/www.clima-comfort.com\/de\/uber-climacomfort\/\",\"url\":\"https:\/\/www.clima-comfort.com\/de\/uber-climacomfort\/\",\"name\":\"\u00dcber ClimaComfort - ClimaComfort\",\"isPartOf\":{\"@id\":\"https:\/\/www.clima-comfort.com\/#website\"},\"primaryImageOfPage\":{\"@id\":\"https:\/\/www.clima-comfort.com\/de\/uber-climacomfort\/#primaryimage\"},\"image\":{\"@id\":\"https:\/\/www.clima-comfort.com\/de\/uber-climacomfort\/#primaryimage\"},\"thumbnailUrl\":\"https:\/\/www.clima-comfort.com\/wp-content\/uploads\/2014\/12\/slide-over-clima5.jpg\",\"datePublished\":\"2014-12-03T15:13:07+00:00\",\"dateModified\":\"2015-10-26T15:56:19+00:00\",\"description\":\"Ultiem slaapcomfort is met ClimaComfort binnen handbereik. Optimale slaaptemperatuur, optimale nachtrust. Bestel uw ClimaComfort matras vandaag nog!\",\"breadcrumb\":{\"@id\":\"https:\/\/www.clima-comfort.com\/de\/uber-climacomfort\/#breadcrumb\"},\"inLanguage\":\"de\",\"potentialAction\":[{\"@type\":\"ReadAction\",\"target\":[\"https:\/\/www.clima-comfort.com\/de\/uber-climacomfort\/\"]}]},{\"@type\":\"ImageObject\",\"inLanguage\":\"de\",\"@id\":\"https:\/\/www.clima-comfort.com\/de\/uber-climacomfort\/#primaryimage\",\"url\":\"https:\/\/www.clima-comfort.com\/wp-content\/uploads\/2014\/12\/slide-over-clima5.jpg\",\"contentUrl\":\"https:\/\/www.clima-comfort.com\/wp-content\/uploads\/2014\/12\/slide-over-clima5.jpg\",\"width\":1300,\"height\":352},{\"@type\":\"BreadcrumbList\",\"@id\":\"https:\/\/www.clima-comfort.com\/de\/uber-climacomfort\/#breadcrumb\",\"itemListElement\":[{\"@type\":\"ListItem\",\"position\":1,\"name\":\"Home\",\"item\":\"https:\/\/www.clima-comfort.com\/\"},{\"@type\":\"ListItem\",\"position\":2,\"name\":\"\u00dcber ClimaComfort\"}]},{\"@type\":\"WebSite\",\"@id\":\"https:\/\/www.clima-comfort.com\/#website\",\"url\":\"https:\/\/www.clima-comfort.com\/\",\"name\":\"ClimaComfort\",\"description\":\"Matrassen met een uniek gevoel!\",\"potentialAction\":[{\"@type\":\"SearchAction\",\"target\":{\"@type\":\"EntryPoint\",\"urlTemplate\":\"https:\/\/www.clima-comfort.com\/?s={search_term_string}\"},\"query-input\":{\"@type\":\"PropertyValueSpecification\",\"valueRequired\":true,\"valueName\":\"search_term_string\"}}],\"inLanguage\":\"de\"}]}<\/script>\n<!-- \/ Yoast SEO plugin. -->","yoast_head_json":{"title":"\u00dcber ClimaComfort - ClimaComfort","description":"Ultiem slaapcomfort is met ClimaComfort binnen handbereik. Optimale slaaptemperatuur, optimale nachtrust. Bestel uw ClimaComfort matras vandaag nog!","robots":{"index":"index","follow":"follow","max-snippet":"max-snippet:-1","max-image-preview":"max-image-preview:large","max-video-preview":"max-video-preview:-1"},"canonical":"https:\/\/www.clima-comfort.com\/de\/uber-climacomfort\/","og_locale":"de_DE","og_type":"article","og_title":"\u00dcber ClimaComfort - ClimaComfort","og_description":"Ultiem slaapcomfort is met ClimaComfort binnen handbereik. Optimale slaaptemperatuur, optimale nachtrust. Bestel uw ClimaComfort matras vandaag nog!","og_url":"https:\/\/www.clima-comfort.com\/de\/uber-climacomfort\/","og_site_name":"ClimaComfort","article_modified_time":"2015-10-26T15:56:19+00:00","og_image":[{"width":1300,"height":352,"url":"https:\/\/www.clima-comfort.com\/wp-content\/uploads\/2014\/12\/slide-over-clima5.jpg","type":"image\/jpeg"}],"twitter_misc":{"Gesch\u00e4tzte Lesezeit":"1\u00a0Minute"},"schema":{"@context":"https:\/\/schema.org","@graph":[{"@type":"WebPage","@id":"https:\/\/www.clima-comfort.com\/de\/uber-climacomfort\/","url":"https:\/\/www.clima-comfort.com\/de\/uber-climacomfort\/","name":"\u00dcber ClimaComfort - ClimaComfort","isPartOf":{"@id":"https:\/\/www.clima-comfort.com\/#website"},"primaryImageOfPage":{"@id":"https:\/\/www.clima-comfort.com\/de\/uber-climacomfort\/#primaryimage"},"image":{"@id":"https:\/\/www.clima-comfort.com\/de\/uber-climacomfort\/#primaryimage"},"thumbnailUrl":"https:\/\/www.clima-comfort.com\/wp-content\/uploads\/2014\/12\/slide-over-clima5.jpg","datePublished":"2014-12-03T15:13:07+00:00","dateModified":"2015-10-26T15:56:19+00:00","description":"Ultiem slaapcomfort is met ClimaComfort binnen handbereik. Optimale slaaptemperatuur, optimale nachtrust. Bestel uw ClimaComfort matras vandaag nog!","breadcrumb":{"@id":"https:\/\/www.clima-comfort.com\/de\/uber-climacomfort\/#breadcrumb"},"inLanguage":"de","potentialAction":[{"@type":"ReadAction","target":["https:\/\/www.clima-comfort.com\/de\/uber-climacomfort\/"]}]},{"@type":"ImageObject","inLanguage":"de","@id":"https:\/\/www.clima-comfort.com\/de\/uber-climacomfort\/#primaryimage","url":"https:\/\/www.clima-comfort.com\/wp-content\/uploads\/2014\/12\/slide-over-clima5.jpg","contentUrl":"https:\/\/www.clima-comfort.com\/wp-content\/uploads\/2014\/12\/slide-over-clima5.jpg","width":1300,"height":352},{"@type":"BreadcrumbList","@id":"https:\/\/www.clima-comfort.com\/de\/uber-climacomfort\/#breadcrumb","itemListElement":[{"@type":"ListItem","position":1,"name":"Home","item":"https:\/\/www.clima-comfort.com\/"},{"@type":"ListItem","position":2,"name":"\u00dcber ClimaComfort"}]},{"@type":"WebSite","@id":"https:\/\/www.clima-comfort.com\/#website","url":"https:\/\/www.clima-comfort.com\/","name":"ClimaComfort","description":"Matrassen met een uniek gevoel!","potentialAction":[{"@type":"SearchAction","target":{"@type":"EntryPoint","urlTemplate":"https:\/\/www.clima-comfort.com\/?s={search_term_string}"},"query-input":{"@type":"PropertyValueSpecification","valueRequired":true,"valueName":"search_term_string"}}],"inLanguage":"de"}]}},"_links":{"self":[{"href":"https:\/\/www.clima-comfort.com\/de\/wp-json\/wp\/v2\/pages\/604","targetHints":{"allow":["GET"]}}],"collection":[{"href":"https:\/\/www.clima-comfort.com\/de\/wp-json\/wp\/v2\/pages"}],"about":[{"href":"https:\/\/www.clima-comfort.com\/de\/wp-json\/wp\/v2\/types\/page"}],"author":[{"embeddable":true,"href":"https:\/\/www.clima-comfort.com\/de\/wp-json\/wp\/v2\/users\/5"}],"replies":[{"embeddable":true,"href":"https:\/\/www.clima-comfort.com\/de\/wp-json\/wp\/v2\/comments?post=604"}],"version-history":[{"count":5,"href":"https:\/\/www.clima-comfort.com\/de\/wp-json\/wp\/v2\/pages\/604\/revisions"}],"predecessor-version":[{"id":892,"href":"https:\/\/www.clima-comfort.com\/de\/wp-json\/wp\/v2\/pages\/604\/revisions\/892"}],"wp:featuredmedia":[{"embeddable":true,"href":"https:\/\/www.clima-comfort.com\/de\/wp-json\/wp\/v2\/media\/995"}],"wp:attachment":[{"href":"https:\/\/www.clima-comfort.com\/de\/wp-json\/wp\/v2\/media?parent=604"}],"curies":[{"name":"wp","href":"https:\/\/api.w.org\/{rel}","templated":true}]}}