{"id":606,"date":"2015-05-27T09:55:33","date_gmt":"2015-05-27T08:55:33","guid":{"rendered":"http:\/\/comclimacom-hodu.savviihq.com\/?page_id=606"},"modified":"2015-10-26T16:55:44","modified_gmt":"2015-10-26T15:55:44","slug":"climafoam","status":"publish","type":"page","link":"https:\/\/www.clima-comfort.com\/de\/uber-climacomfort\/climafoam\/","title":{"rendered":"CLIMAFOAM\u00ae"},"content":{"rendered":"<p><span lang=\"DE\">ClimaComfort verwendet in seinen Matratzen CLIMAFOAM\u00ae, einen innovativen klimaregulierenden Schaumstoff auf Wasserbasis mit einer extrem elastischen und offenen Zellstruktur. CLIMAFOAM\u00ae sorgt f\u00fcr die Regulierung der K\u00f6rperw\u00e4rme und einen konstanten, angenehmen Schlafkomfort. Die Wirkung von CLIMAFOAM\u00ae wurde in der Schweiz entwickelt und ausf\u00fchrlich getestet.<\/span><\/p>\n<p><span lang=\"DE\">Sie k\u00f6nnen die klimaregulierende Wirkung von CLIMAFOAM\u00ae in der obersten Schicht sp\u00fcren, wenn Sie die Hand kurz auf die Matratze legen. Die W\u00e4rme der Hand wird schnell abgeleitet und die Umgebung der Hand nimmt Ihre K\u00f6rpertemperatur an. <\/span><\/p>\n<h2><span lang=\"DE\">Ist es Ihnen im Bett zu warm?<\/span><\/h2>\n<p><span lang=\"DE\">Eine ClimaComfort-Matratze bietet die L\u00f6sung, wenn es Ihnen im Bett zu warm ist. CLIMAFOAM\u00ae sorgt f\u00fcr die Regulierung der K\u00f6rperw\u00e4rme. \u00dcber die offene Zellstruktur wird die K\u00f6rperw\u00e4rme abgeleitet, wodurch Ihre K\u00f6rpertemperatur sinkt. CLIMAFOAM\u00ae reguliert die K\u00f6rpertemperatur und steigert dadurch unmittelbar den Schlafkomfort.<\/span><\/p>\n<h2><span lang=\"DE\">Ist es Ihnen im Bett immer zu kalt?<\/span><\/h2>\n<p><span lang=\"DE\">Eine ClimaComfort-Matratze ist ebenfalls eine L\u00f6sung, wenn Sie im Bett immer frieren! Neben der Ableitung der K\u00f6rperw\u00e4rme ist CLIMAFOAM\u00ae auch geeignet, wenn Ihnen nachts kalt ist. CLIMAFOAM\u00ae nimmt Ihre K\u00f6rpertemperatur an und leitet diese \u00fcber die gesamte Matratzenoberfl\u00e4che. Mit einer ClimaComfort-Matratze haben Sie im Bett keine kalten F\u00fc\u00dfe mehr und schlafen wunderbar!<\/span><\/p>\n<h2><span lang=\"DE\">Wie funktioniert CLIMAFOAM genau?<\/span><\/h2>\n<p><span lang=\"DE\">Die obere Lage der ClimaComfort-Matratzen besteht aus CLIMAFOAM\u00ae. Die klimaregulierende Wirkung von CLIMAFOAM\u00ae wird durch das Thermo-Gel\u00ae-Finish des Matratzenbezugs optimiert. Der Matratzenbezug hat direkten Kontakt mit Ihrer Haut und sorgt f\u00fcr die Ableitung der K\u00f6rperw\u00e4rme in den Schaumstoff. <\/span><\/p>\n","protected":false},"excerpt":{"rendered":"<p>ClimaComfort verwendet in seinen Matratzen CLIMAFOAM\u00ae, einen innovativen klimaregulierenden Schaumstoff auf Wasserbasis mit einer extrem elastischen und offenen Zellstruktur. CLIMAFOAM\u00ae sorgt f\u00fcr die Regulierung der K\u00f6rperw\u00e4rme und einen konstanten, angenehmen Schlafkomfort. Die Wirkung von CLIMAFOAM\u00ae wurde in der Schweiz entwickelt und ausf\u00fchrlich getestet. Sie k\u00f6nnen die klimaregulierende Wirkung von CLIMAFOAM\u00ae in der obersten Schicht sp\u00fcren, [&hellip;]<\/p>\n","protected":false},"author":5,"featured_media":996,"parent":604,"menu_order":0,"comment_status":"open","ping_status":"open","template":"","meta":{"_acf_changed":false,"footnotes":""},"class_list":["post-606","page","type-page","status-publish","has-post-thumbnail","hentry"],"acf":[],"yoast_head":"<!-- This site is optimized with the Yoast SEO plugin v24.4 - https:\/\/yoast.com\/wordpress\/plugins\/seo\/ -->\n<title>CLIMAFOAM\u00ae - ClimaComfort<\/title>\n<meta name=\"description\" content=\"Ultiem slaapcomfort is met ClimaComfort binnen handbereik. Optimale slaaptemperatuur, optimale nachtrust. Bestel nu uw ClimaComfort matras, boxspring, of topper.\" \/>\n<meta name=\"robots\" content=\"index, follow, max-snippet:-1, max-image-preview:large, max-video-preview:-1\" \/>\n<link rel=\"canonical\" href=\"https:\/\/www.clima-comfort.com\/de\/uber-climacomfort\/climafoam\/\" \/>\n<meta property=\"og:locale\" content=\"de_DE\" \/>\n<meta property=\"og:type\" content=\"article\" \/>\n<meta property=\"og:title\" content=\"CLIMAFOAM\u00ae - ClimaComfort\" \/>\n<meta property=\"og:description\" content=\"Ultiem slaapcomfort is met ClimaComfort binnen handbereik. Optimale slaaptemperatuur, optimale nachtrust. Bestel nu uw ClimaComfort matras, boxspring, of topper.\" \/>\n<meta property=\"og:url\" content=\"https:\/\/www.clima-comfort.com\/de\/uber-climacomfort\/climafoam\/\" \/>\n<meta property=\"og:site_name\" content=\"ClimaComfort\" \/>\n<meta property=\"article:modified_time\" content=\"2015-10-26T15:55:44+00:00\" \/>\n<meta property=\"og:image\" content=\"https:\/\/www.clima-comfort.com\/wp-content\/uploads\/2014\/12\/slide-over-clima-climafoam.jpg\" \/>\n\t<meta property=\"og:image:width\" content=\"1300\" \/>\n\t<meta property=\"og:image:height\" content=\"352\" \/>\n\t<meta property=\"og:image:type\" content=\"image\/jpeg\" \/>\n<meta name=\"twitter:label1\" content=\"Gesch\u00e4tzte Lesezeit\" \/>\n\t<meta name=\"twitter:data1\" content=\"1\u00a0Minute\" \/>\n<script type=\"application\/ld+json\" class=\"yoast-schema-graph\">{\"@context\":\"https:\/\/schema.org\",\"@graph\":[{\"@type\":\"WebPage\",\"@id\":\"https:\/\/www.clima-comfort.com\/de\/uber-climacomfort\/climafoam\/\",\"url\":\"https:\/\/www.clima-comfort.com\/de\/uber-climacomfort\/climafoam\/\",\"name\":\"CLIMAFOAM\u00ae - ClimaComfort\",\"isPartOf\":{\"@id\":\"https:\/\/www.clima-comfort.com\/#website\"},\"primaryImageOfPage\":{\"@id\":\"https:\/\/www.clima-comfort.com\/de\/uber-climacomfort\/climafoam\/#primaryimage\"},\"image\":{\"@id\":\"https:\/\/www.clima-comfort.com\/de\/uber-climacomfort\/climafoam\/#primaryimage\"},\"thumbnailUrl\":\"https:\/\/www.clima-comfort.com\/wp-content\/uploads\/2014\/12\/slide-over-clima-climafoam.jpg\",\"datePublished\":\"2015-05-27T08:55:33+00:00\",\"dateModified\":\"2015-10-26T15:55:44+00:00\",\"description\":\"Ultiem slaapcomfort is met ClimaComfort binnen handbereik. Optimale slaaptemperatuur, optimale nachtrust. Bestel nu uw ClimaComfort matras, boxspring, of topper.\",\"breadcrumb\":{\"@id\":\"https:\/\/www.clima-comfort.com\/de\/uber-climacomfort\/climafoam\/#breadcrumb\"},\"inLanguage\":\"de\",\"potentialAction\":[{\"@type\":\"ReadAction\",\"target\":[\"https:\/\/www.clima-comfort.com\/de\/uber-climacomfort\/climafoam\/\"]}]},{\"@type\":\"ImageObject\",\"inLanguage\":\"de\",\"@id\":\"https:\/\/www.clima-comfort.com\/de\/uber-climacomfort\/climafoam\/#primaryimage\",\"url\":\"https:\/\/www.clima-comfort.com\/wp-content\/uploads\/2014\/12\/slide-over-clima-climafoam.jpg\",\"contentUrl\":\"https:\/\/www.clima-comfort.com\/wp-content\/uploads\/2014\/12\/slide-over-clima-climafoam.jpg\",\"width\":1300,\"height\":352},{\"@type\":\"BreadcrumbList\",\"@id\":\"https:\/\/www.clima-comfort.com\/de\/uber-climacomfort\/climafoam\/#breadcrumb\",\"itemListElement\":[{\"@type\":\"ListItem\",\"position\":1,\"name\":\"Home\",\"item\":\"https:\/\/www.clima-comfort.com\/\"},{\"@type\":\"ListItem\",\"position\":2,\"name\":\"\u00dcber ClimaComfort\",\"item\":\"https:\/\/www.clima-comfort.com\/de\/uber-climacomfort\/\"},{\"@type\":\"ListItem\",\"position\":3,\"name\":\"CLIMAFOAM\u00ae\"}]},{\"@type\":\"WebSite\",\"@id\":\"https:\/\/www.clima-comfort.com\/#website\",\"url\":\"https:\/\/www.clima-comfort.com\/\",\"name\":\"ClimaComfort\",\"description\":\"Matrassen met een uniek gevoel!\",\"potentialAction\":[{\"@type\":\"SearchAction\",\"target\":{\"@type\":\"EntryPoint\",\"urlTemplate\":\"https:\/\/www.clima-comfort.com\/?s={search_term_string}\"},\"query-input\":{\"@type\":\"PropertyValueSpecification\",\"valueRequired\":true,\"valueName\":\"search_term_string\"}}],\"inLanguage\":\"de\"}]}<\/script>\n<!-- \/ Yoast SEO plugin. -->","yoast_head_json":{"title":"CLIMAFOAM\u00ae - ClimaComfort","description":"Ultiem slaapcomfort is met ClimaComfort binnen handbereik. Optimale slaaptemperatuur, optimale nachtrust. Bestel nu uw ClimaComfort matras, boxspring, of topper.","robots":{"index":"index","follow":"follow","max-snippet":"max-snippet:-1","max-image-preview":"max-image-preview:large","max-video-preview":"max-video-preview:-1"},"canonical":"https:\/\/www.clima-comfort.com\/de\/uber-climacomfort\/climafoam\/","og_locale":"de_DE","og_type":"article","og_title":"CLIMAFOAM\u00ae - ClimaComfort","og_description":"Ultiem slaapcomfort is met ClimaComfort binnen handbereik. Optimale slaaptemperatuur, optimale nachtrust. Bestel nu uw ClimaComfort matras, boxspring, of topper.","og_url":"https:\/\/www.clima-comfort.com\/de\/uber-climacomfort\/climafoam\/","og_site_name":"ClimaComfort","article_modified_time":"2015-10-26T15:55:44+00:00","og_image":[{"width":1300,"height":352,"url":"https:\/\/www.clima-comfort.com\/wp-content\/uploads\/2014\/12\/slide-over-clima-climafoam.jpg","type":"image\/jpeg"}],"twitter_misc":{"Gesch\u00e4tzte Lesezeit":"1\u00a0Minute"},"schema":{"@context":"https:\/\/schema.org","@graph":[{"@type":"WebPage","@id":"https:\/\/www.clima-comfort.com\/de\/uber-climacomfort\/climafoam\/","url":"https:\/\/www.clima-comfort.com\/de\/uber-climacomfort\/climafoam\/","name":"CLIMAFOAM\u00ae - ClimaComfort","isPartOf":{"@id":"https:\/\/www.clima-comfort.com\/#website"},"primaryImageOfPage":{"@id":"https:\/\/www.clima-comfort.com\/de\/uber-climacomfort\/climafoam\/#primaryimage"},"image":{"@id":"https:\/\/www.clima-comfort.com\/de\/uber-climacomfort\/climafoam\/#primaryimage"},"thumbnailUrl":"https:\/\/www.clima-comfort.com\/wp-content\/uploads\/2014\/12\/slide-over-clima-climafoam.jpg","datePublished":"2015-05-27T08:55:33+00:00","dateModified":"2015-10-26T15:55:44+00:00","description":"Ultiem slaapcomfort is met ClimaComfort binnen handbereik. Optimale slaaptemperatuur, optimale nachtrust. Bestel nu uw ClimaComfort matras, boxspring, of topper.","breadcrumb":{"@id":"https:\/\/www.clima-comfort.com\/de\/uber-climacomfort\/climafoam\/#breadcrumb"},"inLanguage":"de","potentialAction":[{"@type":"ReadAction","target":["https:\/\/www.clima-comfort.com\/de\/uber-climacomfort\/climafoam\/"]}]},{"@type":"ImageObject","inLanguage":"de","@id":"https:\/\/www.clima-comfort.com\/de\/uber-climacomfort\/climafoam\/#primaryimage","url":"https:\/\/www.clima-comfort.com\/wp-content\/uploads\/2014\/12\/slide-over-clima-climafoam.jpg","contentUrl":"https:\/\/www.clima-comfort.com\/wp-content\/uploads\/2014\/12\/slide-over-clima-climafoam.jpg","width":1300,"height":352},{"@type":"BreadcrumbList","@id":"https:\/\/www.clima-comfort.com\/de\/uber-climacomfort\/climafoam\/#breadcrumb","itemListElement":[{"@type":"ListItem","position":1,"name":"Home","item":"https:\/\/www.clima-comfort.com\/"},{"@type":"ListItem","position":2,"name":"\u00dcber ClimaComfort","item":"https:\/\/www.clima-comfort.com\/de\/uber-climacomfort\/"},{"@type":"ListItem","position":3,"name":"CLIMAFOAM\u00ae"}]},{"@type":"WebSite","@id":"https:\/\/www.clima-comfort.com\/#website","url":"https:\/\/www.clima-comfort.com\/","name":"ClimaComfort","description":"Matrassen met een uniek gevoel!","potentialAction":[{"@type":"SearchAction","target":{"@type":"EntryPoint","urlTemplate":"https:\/\/www.clima-comfort.com\/?s={search_term_string}"},"query-input":{"@type":"PropertyValueSpecification","valueRequired":true,"valueName":"search_term_string"}}],"inLanguage":"de"}]}},"_links":{"self":[{"href":"https:\/\/www.clima-comfort.com\/de\/wp-json\/wp\/v2\/pages\/606","targetHints":{"allow":["GET"]}}],"collection":[{"href":"https:\/\/www.clima-comfort.com\/de\/wp-json\/wp\/v2\/pages"}],"about":[{"href":"https:\/\/www.clima-comfort.com\/de\/wp-json\/wp\/v2\/types\/page"}],"author":[{"embeddable":true,"href":"https:\/\/www.clima-comfort.com\/de\/wp-json\/wp\/v2\/users\/5"}],"replies":[{"embeddable":true,"href":"https:\/\/www.clima-comfort.com\/de\/wp-json\/wp\/v2\/comments?post=606"}],"version-history":[{"count":2,"href":"https:\/\/www.clima-comfort.com\/de\/wp-json\/wp\/v2\/pages\/606\/revisions"}],"predecessor-version":[{"id":691,"href":"https:\/\/www.clima-comfort.com\/de\/wp-json\/wp\/v2\/pages\/606\/revisions\/691"}],"up":[{"embeddable":true,"href":"https:\/\/www.clima-comfort.com\/de\/wp-json\/wp\/v2\/pages\/604"}],"wp:featuredmedia":[{"embeddable":true,"href":"https:\/\/www.clima-comfort.com\/de\/wp-json\/wp\/v2\/media\/996"}],"wp:attachment":[{"href":"https:\/\/www.clima-comfort.com\/de\/wp-json\/wp\/v2\/media?parent=606"}],"curies":[{"name":"wp","href":"https:\/\/api.w.org\/{rel}","templated":true}]}}