{"id":608,"date":"2015-05-27T09:56:02","date_gmt":"2015-05-27T08:56:02","guid":{"rendered":"http:\/\/comclimacom-hodu.savviihq.com\/?page_id=608"},"modified":"2015-06-10T15:27:41","modified_gmt":"2015-06-10T14:27:41","slug":"eigenschaften","status":"publish","type":"page","link":"https:\/\/www.clima-comfort.com\/de\/uber-climacomfort\/eigenschaften\/","title":{"rendered":"Eigenschaften"},"content":{"rendered":"<p>Die richtige Matratze ist abh\u00e4ngig von Ihren pers\u00f6nlichen Vorlieben und Schlafgewohnheiten, von Ihrer Statur und Konstitution. Gemeinsam mit Ihnen geht ein ClimaComfort-<a href=\"https:\/\/clima-comfort.com\/de\/einzelhandler\/\">Schlafberater <\/a>auf die Suche nach der f\u00fcr Sie richtigen Matratze mit den f\u00fcr Sie richtigen Eigenschaften.<\/p>\n<h2>H\u00f6he der ClimaComfort-Matratzen<\/h2>\n<p>Unsere vier verschiedenen <a href=\"https:\/\/clima-comfort.com\/de\/produkten\/\">Matratzenmodelle <\/a>sind alle gleich hoch, wodurch sie problemlos nebeneinander zu verwenden sind. Das ist vor allem dann hilfreich, wenn Ihr Partner oder Ihre Partnerin andere Schlafbed\u00fcrfnisse haben. Es ist kein Problem, zwei verschiedene Matratzen nebeneinander auf ein und demselben <a href=\"https:\/\/clima-comfort.com\/de\/produkten\/boxspring\/\">Boxspring <\/a>zu verwenden.<\/p>\n<h2>Weitere einzigartige ClimaComfort-Matratzeneigenschaften:<\/h2>\n<ul>\n<li>Austauschbares Sortiment von vier Matratzen, einem Topper und einem Boxspring<\/li>\n<li>Innovativer Schaumstoff\u00a0<a href=\"https:\/\/clima-comfort.com\/de\/uber-climacomfort\/climafoam\/\">CLIMAFOAM\u00ae<\/a><\/li>\n<li>Aktive <a href=\"https:\/\/clima-comfort.com\/de\/uber-climacomfort\/eigenschaften\/luft\/\">klimaregulierende <\/a>Wirkung der obersten Lage<\/li>\n<li>Angenehmes Schlafklima<\/li>\n<li>Optimale Bel\u00fcftung f\u00fcr einen gut regulierten Feuchtigkeitshaushalt<\/li>\n<li><a href=\"https:\/\/clima-comfort.com\/de\/uber-climacomfort\/eigenschaften\/ergonomisch-korrekt\/\">Ergonomisch <\/a>gestaltet<\/li>\n<li>Druckverteilend<\/li>\n<li>Abnehmbarer, waschbarer Matratzenbezug mit Thermo-Gel\u00ae-Finish<\/li>\n<li>Schweizerische Innovation, <a href=\"https:\/\/clima-comfort.com\/de\/uber-climacomfort\/eigenschaften\/europaische-produktion\/\">europ\u00e4ische Fachkompetenz<\/a><\/li>\n<li>Pflegearme Matratzen, die Sie nicht wenden m\u00fcssen<\/li>\n<\/ul>\n","protected":false},"excerpt":{"rendered":"<p>Die richtige Matratze ist abh\u00e4ngig von Ihren pers\u00f6nlichen Vorlieben und Schlafgewohnheiten, von Ihrer Statur und Konstitution. Gemeinsam mit Ihnen geht ein ClimaComfort-Schlafberater auf die Suche nach der f\u00fcr Sie richtigen Matratze mit den f\u00fcr Sie richtigen Eigenschaften. H\u00f6he der ClimaComfort-Matratzen Unsere vier verschiedenen Matratzenmodelle sind alle gleich hoch, wodurch sie problemlos nebeneinander zu verwenden sind. [&hellip;]<\/p>\n","protected":false},"author":5,"featured_media":0,"parent":604,"menu_order":0,"comment_status":"open","ping_status":"open","template":"","meta":{"_acf_changed":false,"footnotes":""},"class_list":["post-608","page","type-page","status-publish","hentry"],"acf":[],"yoast_head":"<!-- This site is optimized with the Yoast SEO plugin v24.4 - https:\/\/yoast.com\/wordpress\/plugins\/seo\/ -->\n<title>Eigenschaften - ClimaComfort<\/title>\n<meta name=\"description\" content=\"Ultiem slaapcomfort is met ClimaComfort binnen handbereik. Optimale slaaptemperatuur, optimale nachtrust. Bestel nu uw ClimaComfort matras, boxspring, of topper.\" \/>\n<meta name=\"robots\" content=\"index, follow, max-snippet:-1, max-image-preview:large, max-video-preview:-1\" \/>\n<link rel=\"canonical\" href=\"https:\/\/www.clima-comfort.com\/de\/uber-climacomfort\/eigenschaften\/\" \/>\n<meta property=\"og:locale\" content=\"de_DE\" \/>\n<meta property=\"og:type\" content=\"article\" \/>\n<meta property=\"og:title\" content=\"Eigenschaften - ClimaComfort\" \/>\n<meta property=\"og:description\" content=\"Ultiem slaapcomfort is met ClimaComfort binnen handbereik. Optimale slaaptemperatuur, optimale nachtrust. Bestel nu uw ClimaComfort matras, boxspring, of topper.\" \/>\n<meta property=\"og:url\" content=\"https:\/\/www.clima-comfort.com\/de\/uber-climacomfort\/eigenschaften\/\" \/>\n<meta property=\"og:site_name\" content=\"ClimaComfort\" \/>\n<meta property=\"article:modified_time\" content=\"2015-06-10T14:27:41+00:00\" \/>\n<meta name=\"twitter:label1\" content=\"Gesch\u00e4tzte Lesezeit\" \/>\n\t<meta name=\"twitter:data1\" content=\"1\u00a0Minute\" \/>\n<script type=\"application\/ld+json\" class=\"yoast-schema-graph\">{\"@context\":\"https:\/\/schema.org\",\"@graph\":[{\"@type\":\"WebPage\",\"@id\":\"https:\/\/www.clima-comfort.com\/de\/uber-climacomfort\/eigenschaften\/\",\"url\":\"https:\/\/www.clima-comfort.com\/de\/uber-climacomfort\/eigenschaften\/\",\"name\":\"Eigenschaften - ClimaComfort\",\"isPartOf\":{\"@id\":\"https:\/\/www.clima-comfort.com\/#website\"},\"datePublished\":\"2015-05-27T08:56:02+00:00\",\"dateModified\":\"2015-06-10T14:27:41+00:00\",\"description\":\"Ultiem slaapcomfort is met ClimaComfort binnen handbereik. Optimale slaaptemperatuur, optimale nachtrust. Bestel nu uw ClimaComfort matras, boxspring, of topper.\",\"breadcrumb\":{\"@id\":\"https:\/\/www.clima-comfort.com\/de\/uber-climacomfort\/eigenschaften\/#breadcrumb\"},\"inLanguage\":\"de\",\"potentialAction\":[{\"@type\":\"ReadAction\",\"target\":[\"https:\/\/www.clima-comfort.com\/de\/uber-climacomfort\/eigenschaften\/\"]}]},{\"@type\":\"BreadcrumbList\",\"@id\":\"https:\/\/www.clima-comfort.com\/de\/uber-climacomfort\/eigenschaften\/#breadcrumb\",\"itemListElement\":[{\"@type\":\"ListItem\",\"position\":1,\"name\":\"Home\",\"item\":\"https:\/\/www.clima-comfort.com\/\"},{\"@type\":\"ListItem\",\"position\":2,\"name\":\"\u00dcber ClimaComfort\",\"item\":\"https:\/\/www.clima-comfort.com\/de\/uber-climacomfort\/\"},{\"@type\":\"ListItem\",\"position\":3,\"name\":\"Eigenschaften\"}]},{\"@type\":\"WebSite\",\"@id\":\"https:\/\/www.clima-comfort.com\/#website\",\"url\":\"https:\/\/www.clima-comfort.com\/\",\"name\":\"ClimaComfort\",\"description\":\"Matrassen met een uniek gevoel!\",\"potentialAction\":[{\"@type\":\"SearchAction\",\"target\":{\"@type\":\"EntryPoint\",\"urlTemplate\":\"https:\/\/www.clima-comfort.com\/?s={search_term_string}\"},\"query-input\":{\"@type\":\"PropertyValueSpecification\",\"valueRequired\":true,\"valueName\":\"search_term_string\"}}],\"inLanguage\":\"de\"}]}<\/script>\n<!-- \/ Yoast SEO plugin. -->","yoast_head_json":{"title":"Eigenschaften - ClimaComfort","description":"Ultiem slaapcomfort is met ClimaComfort binnen handbereik. Optimale slaaptemperatuur, optimale nachtrust. Bestel nu uw ClimaComfort matras, boxspring, of topper.","robots":{"index":"index","follow":"follow","max-snippet":"max-snippet:-1","max-image-preview":"max-image-preview:large","max-video-preview":"max-video-preview:-1"},"canonical":"https:\/\/www.clima-comfort.com\/de\/uber-climacomfort\/eigenschaften\/","og_locale":"de_DE","og_type":"article","og_title":"Eigenschaften - ClimaComfort","og_description":"Ultiem slaapcomfort is met ClimaComfort binnen handbereik. Optimale slaaptemperatuur, optimale nachtrust. Bestel nu uw ClimaComfort matras, boxspring, of topper.","og_url":"https:\/\/www.clima-comfort.com\/de\/uber-climacomfort\/eigenschaften\/","og_site_name":"ClimaComfort","article_modified_time":"2015-06-10T14:27:41+00:00","twitter_misc":{"Gesch\u00e4tzte Lesezeit":"1\u00a0Minute"},"schema":{"@context":"https:\/\/schema.org","@graph":[{"@type":"WebPage","@id":"https:\/\/www.clima-comfort.com\/de\/uber-climacomfort\/eigenschaften\/","url":"https:\/\/www.clima-comfort.com\/de\/uber-climacomfort\/eigenschaften\/","name":"Eigenschaften - ClimaComfort","isPartOf":{"@id":"https:\/\/www.clima-comfort.com\/#website"},"datePublished":"2015-05-27T08:56:02+00:00","dateModified":"2015-06-10T14:27:41+00:00","description":"Ultiem slaapcomfort is met ClimaComfort binnen handbereik. Optimale slaaptemperatuur, optimale nachtrust. Bestel nu uw ClimaComfort matras, boxspring, of topper.","breadcrumb":{"@id":"https:\/\/www.clima-comfort.com\/de\/uber-climacomfort\/eigenschaften\/#breadcrumb"},"inLanguage":"de","potentialAction":[{"@type":"ReadAction","target":["https:\/\/www.clima-comfort.com\/de\/uber-climacomfort\/eigenschaften\/"]}]},{"@type":"BreadcrumbList","@id":"https:\/\/www.clima-comfort.com\/de\/uber-climacomfort\/eigenschaften\/#breadcrumb","itemListElement":[{"@type":"ListItem","position":1,"name":"Home","item":"https:\/\/www.clima-comfort.com\/"},{"@type":"ListItem","position":2,"name":"\u00dcber ClimaComfort","item":"https:\/\/www.clima-comfort.com\/de\/uber-climacomfort\/"},{"@type":"ListItem","position":3,"name":"Eigenschaften"}]},{"@type":"WebSite","@id":"https:\/\/www.clima-comfort.com\/#website","url":"https:\/\/www.clima-comfort.com\/","name":"ClimaComfort","description":"Matrassen met een uniek gevoel!","potentialAction":[{"@type":"SearchAction","target":{"@type":"EntryPoint","urlTemplate":"https:\/\/www.clima-comfort.com\/?s={search_term_string}"},"query-input":{"@type":"PropertyValueSpecification","valueRequired":true,"valueName":"search_term_string"}}],"inLanguage":"de"}]}},"_links":{"self":[{"href":"https:\/\/www.clima-comfort.com\/de\/wp-json\/wp\/v2\/pages\/608","targetHints":{"allow":["GET"]}}],"collection":[{"href":"https:\/\/www.clima-comfort.com\/de\/wp-json\/wp\/v2\/pages"}],"about":[{"href":"https:\/\/www.clima-comfort.com\/de\/wp-json\/wp\/v2\/types\/page"}],"author":[{"embeddable":true,"href":"https:\/\/www.clima-comfort.com\/de\/wp-json\/wp\/v2\/users\/5"}],"replies":[{"embeddable":true,"href":"https:\/\/www.clima-comfort.com\/de\/wp-json\/wp\/v2\/comments?post=608"}],"version-history":[{"count":5,"href":"https:\/\/www.clima-comfort.com\/de\/wp-json\/wp\/v2\/pages\/608\/revisions"}],"predecessor-version":[{"id":861,"href":"https:\/\/www.clima-comfort.com\/de\/wp-json\/wp\/v2\/pages\/608\/revisions\/861"}],"up":[{"embeddable":true,"href":"https:\/\/www.clima-comfort.com\/de\/wp-json\/wp\/v2\/pages\/604"}],"wp:attachment":[{"href":"https:\/\/www.clima-comfort.com\/de\/wp-json\/wp\/v2\/media?parent=608"}],"curies":[{"name":"wp","href":"https:\/\/api.w.org\/{rel}","templated":true}]}}