{"id":610,"date":"2015-05-27T09:56:30","date_gmt":"2015-05-27T08:56:30","guid":{"rendered":"http:\/\/comclimacom-hodu.savviihq.com\/?page_id=610"},"modified":"2015-11-03T11:02:38","modified_gmt":"2015-11-03T10:02:38","slug":"ergonomisch-korrekt","status":"publish","type":"page","link":"https:\/\/www.clima-comfort.com\/de\/uber-climacomfort\/eigenschaften\/ergonomisch-korrekt\/","title":{"rendered":"Ergonomisch durchdacht"},"content":{"rendered":"<p>ClimaComfort investiert viel Zeit in die Entwicklung ergonomisch durchdachter <a href=\"https:\/\/clima-comfort.com\/de\/produkten\/matratzen\/\">Matratzen<\/a>, denn es ist uns \u00a0wichtig, dass Sie unsere Matratzen auch zu sch\u00e4tzen wissen, wenn Sie nicht im Bett liegen. Wenn Sie nachts gut schlafen, sind Sie tags\u00fcber leistungsf\u00e4higer. Durch die sorgf\u00e4ltig ausgew\u00e4hlten Schaumstoffkombinationen unterst\u00fctzt eine ClimaComfort-Matratze Ihren K\u00f6rper jederzeit optimal.<\/p>\n<p>Unsere Matratzen sind aus harten und weichen, federnden und d\u00e4mpfenden Materialien mehrlagig und zoniert aufgebaut. Dank dieses ausgekl\u00fcgelten Konzepts haben unsere Matratzen einen hohen und sofort sp\u00fcrbaren ergonomischen Wert. Ihre N\u00e4chte werden ruhiger, Ihre Schlafqualit\u00e4t verbessert sich erheblich.<\/p>\n<p><img loading=\"lazy\" decoding=\"async\" width=\"877\" height=\"620\" class=\"alignnone wp-image-300\" src=\"https:\/\/clima-comfort.com\/wp-content\/uploads\/2014\/12\/ergonomische-basis.jpg\" alt=\"Ergonomische Basis\" srcset=\"https:\/\/www.clima-comfort.com\/wp-content\/uploads\/2014\/12\/ergonomische-basis.jpg 877w, https:\/\/www.clima-comfort.com\/wp-content\/uploads\/2014\/12\/ergonomische-basis-439x310.jpg 439w, https:\/\/www.clima-comfort.com\/wp-content\/uploads\/2014\/12\/ergonomische-basis-491x347.jpg 491w\" sizes=\"auto, (max-width: 877px) 100vw, 877px\" \/><\/p>\n","protected":false},"excerpt":{"rendered":"<p>ClimaComfort investiert viel Zeit in die Entwicklung ergonomisch durchdachter Matratzen, denn es ist uns \u00a0wichtig, dass Sie unsere Matratzen auch zu sch\u00e4tzen wissen, wenn Sie nicht im Bett liegen. Wenn Sie nachts gut schlafen, sind Sie tags\u00fcber leistungsf\u00e4higer. Durch die sorgf\u00e4ltig ausgew\u00e4hlten Schaumstoffkombinationen unterst\u00fctzt eine ClimaComfort-Matratze Ihren K\u00f6rper jederzeit optimal. Unsere Matratzen sind aus harten [&hellip;]<\/p>\n","protected":false},"author":5,"featured_media":0,"parent":608,"menu_order":0,"comment_status":"open","ping_status":"open","template":"","meta":{"_acf_changed":false,"footnotes":""},"class_list":["post-610","page","type-page","status-publish","hentry"],"acf":[],"yoast_head":"<!-- This site is optimized with the Yoast SEO plugin v24.4 - https:\/\/yoast.com\/wordpress\/plugins\/seo\/ -->\n<title>Ergonomisch durchdacht - ClimaComfort<\/title>\n<meta name=\"description\" content=\"Ultiem slaapcomfort is met ClimaComfort binnen handbereik. Optimale slaaptemperatuur, optimale nachtrust. Bestel nu uw ClimaComfort matras, boxspring, of topper.\" \/>\n<meta name=\"robots\" content=\"index, follow, max-snippet:-1, max-image-preview:large, max-video-preview:-1\" \/>\n<link rel=\"canonical\" href=\"https:\/\/www.clima-comfort.com\/de\/uber-climacomfort\/eigenschaften\/ergonomisch-korrekt\/\" \/>\n<meta property=\"og:locale\" content=\"de_DE\" \/>\n<meta property=\"og:type\" content=\"article\" \/>\n<meta property=\"og:title\" content=\"Ergonomisch durchdacht - ClimaComfort\" \/>\n<meta property=\"og:description\" content=\"Ultiem slaapcomfort is met ClimaComfort binnen handbereik. Optimale slaaptemperatuur, optimale nachtrust. Bestel nu uw ClimaComfort matras, boxspring, of topper.\" \/>\n<meta property=\"og:url\" content=\"https:\/\/www.clima-comfort.com\/de\/uber-climacomfort\/eigenschaften\/ergonomisch-korrekt\/\" \/>\n<meta property=\"og:site_name\" content=\"ClimaComfort\" \/>\n<meta property=\"article:modified_time\" content=\"2015-11-03T10:02:38+00:00\" \/>\n<meta property=\"og:image\" content=\"https:\/\/clima-comfort.com\/wp-content\/uploads\/2014\/12\/ergonomische-basis.jpg\" \/>\n<meta name=\"twitter:label1\" content=\"Gesch\u00e4tzte Lesezeit\" \/>\n\t<meta name=\"twitter:data1\" content=\"1\u00a0Minute\" \/>\n<script type=\"application\/ld+json\" class=\"yoast-schema-graph\">{\"@context\":\"https:\/\/schema.org\",\"@graph\":[{\"@type\":\"WebPage\",\"@id\":\"https:\/\/www.clima-comfort.com\/de\/uber-climacomfort\/eigenschaften\/ergonomisch-korrekt\/\",\"url\":\"https:\/\/www.clima-comfort.com\/de\/uber-climacomfort\/eigenschaften\/ergonomisch-korrekt\/\",\"name\":\"Ergonomisch durchdacht - ClimaComfort\",\"isPartOf\":{\"@id\":\"https:\/\/www.clima-comfort.com\/#website\"},\"primaryImageOfPage\":{\"@id\":\"https:\/\/www.clima-comfort.com\/de\/uber-climacomfort\/eigenschaften\/ergonomisch-korrekt\/#primaryimage\"},\"image\":{\"@id\":\"https:\/\/www.clima-comfort.com\/de\/uber-climacomfort\/eigenschaften\/ergonomisch-korrekt\/#primaryimage\"},\"thumbnailUrl\":\"https:\/\/clima-comfort.com\/wp-content\/uploads\/2014\/12\/ergonomische-basis.jpg\",\"datePublished\":\"2015-05-27T08:56:30+00:00\",\"dateModified\":\"2015-11-03T10:02:38+00:00\",\"description\":\"Ultiem slaapcomfort is met ClimaComfort binnen handbereik. Optimale slaaptemperatuur, optimale nachtrust. Bestel nu uw ClimaComfort matras, boxspring, of topper.\",\"breadcrumb\":{\"@id\":\"https:\/\/www.clima-comfort.com\/de\/uber-climacomfort\/eigenschaften\/ergonomisch-korrekt\/#breadcrumb\"},\"inLanguage\":\"de\",\"potentialAction\":[{\"@type\":\"ReadAction\",\"target\":[\"https:\/\/www.clima-comfort.com\/de\/uber-climacomfort\/eigenschaften\/ergonomisch-korrekt\/\"]}]},{\"@type\":\"ImageObject\",\"inLanguage\":\"de\",\"@id\":\"https:\/\/www.clima-comfort.com\/de\/uber-climacomfort\/eigenschaften\/ergonomisch-korrekt\/#primaryimage\",\"url\":\"https:\/\/clima-comfort.com\/wp-content\/uploads\/2014\/12\/ergonomische-basis.jpg\",\"contentUrl\":\"https:\/\/clima-comfort.com\/wp-content\/uploads\/2014\/12\/ergonomische-basis.jpg\"},{\"@type\":\"BreadcrumbList\",\"@id\":\"https:\/\/www.clima-comfort.com\/de\/uber-climacomfort\/eigenschaften\/ergonomisch-korrekt\/#breadcrumb\",\"itemListElement\":[{\"@type\":\"ListItem\",\"position\":1,\"name\":\"Home\",\"item\":\"https:\/\/www.clima-comfort.com\/\"},{\"@type\":\"ListItem\",\"position\":2,\"name\":\"\u00dcber ClimaComfort\",\"item\":\"https:\/\/www.clima-comfort.com\/de\/uber-climacomfort\/\"},{\"@type\":\"ListItem\",\"position\":3,\"name\":\"Eigenschaften\",\"item\":\"https:\/\/www.clima-comfort.com\/de\/uber-climacomfort\/eigenschaften\/\"},{\"@type\":\"ListItem\",\"position\":4,\"name\":\"Ergonomisch durchdacht\"}]},{\"@type\":\"WebSite\",\"@id\":\"https:\/\/www.clima-comfort.com\/#website\",\"url\":\"https:\/\/www.clima-comfort.com\/\",\"name\":\"ClimaComfort\",\"description\":\"Matrassen met een uniek gevoel!\",\"potentialAction\":[{\"@type\":\"SearchAction\",\"target\":{\"@type\":\"EntryPoint\",\"urlTemplate\":\"https:\/\/www.clima-comfort.com\/?s={search_term_string}\"},\"query-input\":{\"@type\":\"PropertyValueSpecification\",\"valueRequired\":true,\"valueName\":\"search_term_string\"}}],\"inLanguage\":\"de\"}]}<\/script>\n<!-- \/ Yoast SEO plugin. -->","yoast_head_json":{"title":"Ergonomisch durchdacht - ClimaComfort","description":"Ultiem slaapcomfort is met ClimaComfort binnen handbereik. Optimale slaaptemperatuur, optimale nachtrust. Bestel nu uw ClimaComfort matras, boxspring, of topper.","robots":{"index":"index","follow":"follow","max-snippet":"max-snippet:-1","max-image-preview":"max-image-preview:large","max-video-preview":"max-video-preview:-1"},"canonical":"https:\/\/www.clima-comfort.com\/de\/uber-climacomfort\/eigenschaften\/ergonomisch-korrekt\/","og_locale":"de_DE","og_type":"article","og_title":"Ergonomisch durchdacht - ClimaComfort","og_description":"Ultiem slaapcomfort is met ClimaComfort binnen handbereik. Optimale slaaptemperatuur, optimale nachtrust. Bestel nu uw ClimaComfort matras, boxspring, of topper.","og_url":"https:\/\/www.clima-comfort.com\/de\/uber-climacomfort\/eigenschaften\/ergonomisch-korrekt\/","og_site_name":"ClimaComfort","article_modified_time":"2015-11-03T10:02:38+00:00","og_image":[{"url":"https:\/\/clima-comfort.com\/wp-content\/uploads\/2014\/12\/ergonomische-basis.jpg","type":"","width":"","height":""}],"twitter_misc":{"Gesch\u00e4tzte Lesezeit":"1\u00a0Minute"},"schema":{"@context":"https:\/\/schema.org","@graph":[{"@type":"WebPage","@id":"https:\/\/www.clima-comfort.com\/de\/uber-climacomfort\/eigenschaften\/ergonomisch-korrekt\/","url":"https:\/\/www.clima-comfort.com\/de\/uber-climacomfort\/eigenschaften\/ergonomisch-korrekt\/","name":"Ergonomisch durchdacht - ClimaComfort","isPartOf":{"@id":"https:\/\/www.clima-comfort.com\/#website"},"primaryImageOfPage":{"@id":"https:\/\/www.clima-comfort.com\/de\/uber-climacomfort\/eigenschaften\/ergonomisch-korrekt\/#primaryimage"},"image":{"@id":"https:\/\/www.clima-comfort.com\/de\/uber-climacomfort\/eigenschaften\/ergonomisch-korrekt\/#primaryimage"},"thumbnailUrl":"https:\/\/clima-comfort.com\/wp-content\/uploads\/2014\/12\/ergonomische-basis.jpg","datePublished":"2015-05-27T08:56:30+00:00","dateModified":"2015-11-03T10:02:38+00:00","description":"Ultiem slaapcomfort is met ClimaComfort binnen handbereik. Optimale slaaptemperatuur, optimale nachtrust. Bestel nu uw ClimaComfort matras, boxspring, of topper.","breadcrumb":{"@id":"https:\/\/www.clima-comfort.com\/de\/uber-climacomfort\/eigenschaften\/ergonomisch-korrekt\/#breadcrumb"},"inLanguage":"de","potentialAction":[{"@type":"ReadAction","target":["https:\/\/www.clima-comfort.com\/de\/uber-climacomfort\/eigenschaften\/ergonomisch-korrekt\/"]}]},{"@type":"ImageObject","inLanguage":"de","@id":"https:\/\/www.clima-comfort.com\/de\/uber-climacomfort\/eigenschaften\/ergonomisch-korrekt\/#primaryimage","url":"https:\/\/clima-comfort.com\/wp-content\/uploads\/2014\/12\/ergonomische-basis.jpg","contentUrl":"https:\/\/clima-comfort.com\/wp-content\/uploads\/2014\/12\/ergonomische-basis.jpg"},{"@type":"BreadcrumbList","@id":"https:\/\/www.clima-comfort.com\/de\/uber-climacomfort\/eigenschaften\/ergonomisch-korrekt\/#breadcrumb","itemListElement":[{"@type":"ListItem","position":1,"name":"Home","item":"https:\/\/www.clima-comfort.com\/"},{"@type":"ListItem","position":2,"name":"\u00dcber ClimaComfort","item":"https:\/\/www.clima-comfort.com\/de\/uber-climacomfort\/"},{"@type":"ListItem","position":3,"name":"Eigenschaften","item":"https:\/\/www.clima-comfort.com\/de\/uber-climacomfort\/eigenschaften\/"},{"@type":"ListItem","position":4,"name":"Ergonomisch durchdacht"}]},{"@type":"WebSite","@id":"https:\/\/www.clima-comfort.com\/#website","url":"https:\/\/www.clima-comfort.com\/","name":"ClimaComfort","description":"Matrassen met een uniek gevoel!","potentialAction":[{"@type":"SearchAction","target":{"@type":"EntryPoint","urlTemplate":"https:\/\/www.clima-comfort.com\/?s={search_term_string}"},"query-input":{"@type":"PropertyValueSpecification","valueRequired":true,"valueName":"search_term_string"}}],"inLanguage":"de"}]}},"_links":{"self":[{"href":"https:\/\/www.clima-comfort.com\/de\/wp-json\/wp\/v2\/pages\/610","targetHints":{"allow":["GET"]}}],"collection":[{"href":"https:\/\/www.clima-comfort.com\/de\/wp-json\/wp\/v2\/pages"}],"about":[{"href":"https:\/\/www.clima-comfort.com\/de\/wp-json\/wp\/v2\/types\/page"}],"author":[{"embeddable":true,"href":"https:\/\/www.clima-comfort.com\/de\/wp-json\/wp\/v2\/users\/5"}],"replies":[{"embeddable":true,"href":"https:\/\/www.clima-comfort.com\/de\/wp-json\/wp\/v2\/comments?post=610"}],"version-history":[{"count":5,"href":"https:\/\/www.clima-comfort.com\/de\/wp-json\/wp\/v2\/pages\/610\/revisions"}],"predecessor-version":[{"id":1001,"href":"https:\/\/www.clima-comfort.com\/de\/wp-json\/wp\/v2\/pages\/610\/revisions\/1001"}],"up":[{"embeddable":true,"href":"https:\/\/www.clima-comfort.com\/de\/wp-json\/wp\/v2\/pages\/608"}],"wp:attachment":[{"href":"https:\/\/www.clima-comfort.com\/de\/wp-json\/wp\/v2\/media?parent=610"}],"curies":[{"name":"wp","href":"https:\/\/api.w.org\/{rel}","templated":true}]}}