{"id":615,"date":"2015-05-27T09:58:36","date_gmt":"2015-05-27T08:58:36","guid":{"rendered":"http:\/\/comclimacom-hodu.savviihq.com\/?page_id=615"},"modified":"2015-06-11T09:17:12","modified_gmt":"2015-06-11T08:17:12","slug":"luft","status":"publish","type":"page","link":"https:\/\/www.clima-comfort.com\/de\/uber-climacomfort\/eigenschaften\/luft\/","title":{"rendered":"Klimaregulierung"},"content":{"rendered":"<p>Erleben Sie sie selbst: die vierte Dimension von ClimaComfort.<br \/>\nSie sp\u00fcren diese vierte Dimension \u2013 die klimaregulierende Wirkung der ClimaComfort-<a href=\"https:\/\/clima-comfort.com\/de\/produkten\/matratzen\/\">Matratzen <\/a>in der obersten Lage \u2013, wenn Sie die Hand kurz auf die Matratze legen. Die W\u00e4rme der Hand wird schnell abgeleitet und die Umgebung der Hand nimmt Ihre K\u00f6rpertemperatur an. Sie k\u00fchlt, wenn Ihnen warm ist, und Sie w\u00e4rmt, wenn Ihnen zu kalt ist. So garantiert ClimaComfort einen ausgezeichneten Schlafkomfort und einen erholten Tagesbeginn.<\/p>\n<h2>Die vier Dimensionen von ClimaComfort<\/h2>\n<p>ClimaComfort-Matratzen bestehen aus vier Lagen, die jeweils eine einzigartige Funktion haben: die vier Dimensionen von ClimaComfort.<\/p>\n<h3>Ergonomie<\/h3>\n<p>Diese Lage garantiert eine stabile K\u00f6rperhaltung.<\/p>\n<h3>Druckverteilung<\/h3>\n<p>Die Lage, die daf\u00fcr sorgt, dass Ihr K\u00f6rper nachts optimal unterst\u00fctzt wird.<\/p>\n<h3>Atmungsaktivit\u00e4t<\/h3>\n<p>Diese Lage gew\u00e4hrleistet, dass Ihr Feuchtigkeitshaushalt Ihre Nachtruhe nicht beeintr\u00e4chtigt.<\/p>\n<h3>Klimaregulierung<\/h3>\n<p>Die vierte Dimension: die Lage, die eine angenehme Schlaftemperatur sicherstellt.<\/p>\n<p><img loading=\"lazy\" decoding=\"async\" class=\"alignnone wp-image-867 size-full\" src=\"https:\/\/clima-comfort.com\/wp-content\/uploads\/2015\/05\/pyramide-du.jpg\" alt=\"pyramide-du\" width=\"455\" height=\"300\" srcset=\"https:\/\/www.clima-comfort.com\/wp-content\/uploads\/2015\/05\/pyramide-du.jpg 455w, https:\/\/www.clima-comfort.com\/wp-content\/uploads\/2015\/05\/pyramide-du-208x138.jpg 208w\" sizes=\"auto, (max-width: 455px) 100vw, 455px\" \/><\/p>\n","protected":false},"excerpt":{"rendered":"<p>Erleben Sie sie selbst: die vierte Dimension von ClimaComfort. Sie sp\u00fcren diese vierte Dimension \u2013 die klimaregulierende Wirkung der ClimaComfort-Matratzen in der obersten Lage \u2013, wenn Sie die Hand kurz auf die Matratze legen. Die W\u00e4rme der Hand wird schnell abgeleitet und die Umgebung der Hand nimmt Ihre K\u00f6rpertemperatur an. Sie k\u00fchlt, wenn Ihnen warm [&hellip;]<\/p>\n","protected":false},"author":5,"featured_media":0,"parent":608,"menu_order":0,"comment_status":"open","ping_status":"open","template":"","meta":{"_acf_changed":false,"footnotes":""},"class_list":["post-615","page","type-page","status-publish","hentry"],"acf":[],"yoast_head":"<!-- This site is optimized with the Yoast SEO plugin v24.4 - https:\/\/yoast.com\/wordpress\/plugins\/seo\/ -->\n<title>Klimaregulierung - ClimaComfort<\/title>\n<meta name=\"description\" content=\"Ultiem slaapcomfort is met ClimaComfort binnen handbereik. Optimale slaaptemperatuur, optimale nachtrust. Bestel nu uw ClimaComfort matras, boxspring, of topper.\" \/>\n<meta name=\"robots\" content=\"index, follow, max-snippet:-1, max-image-preview:large, max-video-preview:-1\" \/>\n<link rel=\"canonical\" href=\"https:\/\/www.clima-comfort.com\/de\/uber-climacomfort\/eigenschaften\/luft\/\" \/>\n<meta property=\"og:locale\" content=\"de_DE\" \/>\n<meta property=\"og:type\" content=\"article\" \/>\n<meta property=\"og:title\" content=\"Klimaregulierung - ClimaComfort\" \/>\n<meta property=\"og:description\" content=\"Ultiem slaapcomfort is met ClimaComfort binnen handbereik. Optimale slaaptemperatuur, optimale nachtrust. Bestel nu uw ClimaComfort matras, boxspring, of topper.\" \/>\n<meta property=\"og:url\" content=\"https:\/\/www.clima-comfort.com\/de\/uber-climacomfort\/eigenschaften\/luft\/\" \/>\n<meta property=\"og:site_name\" content=\"ClimaComfort\" \/>\n<meta property=\"article:modified_time\" content=\"2015-06-11T08:17:12+00:00\" \/>\n<meta property=\"og:image\" content=\"https:\/\/clima-comfort.com\/wp-content\/uploads\/2015\/05\/pyramide-du.jpg\" \/>\n<meta name=\"twitter:label1\" content=\"Gesch\u00e4tzte Lesezeit\" \/>\n\t<meta name=\"twitter:data1\" content=\"1\u00a0Minute\" \/>\n<script type=\"application\/ld+json\" class=\"yoast-schema-graph\">{\"@context\":\"https:\/\/schema.org\",\"@graph\":[{\"@type\":\"WebPage\",\"@id\":\"https:\/\/www.clima-comfort.com\/de\/uber-climacomfort\/eigenschaften\/luft\/\",\"url\":\"https:\/\/www.clima-comfort.com\/de\/uber-climacomfort\/eigenschaften\/luft\/\",\"name\":\"Klimaregulierung - ClimaComfort\",\"isPartOf\":{\"@id\":\"https:\/\/www.clima-comfort.com\/#website\"},\"primaryImageOfPage\":{\"@id\":\"https:\/\/www.clima-comfort.com\/de\/uber-climacomfort\/eigenschaften\/luft\/#primaryimage\"},\"image\":{\"@id\":\"https:\/\/www.clima-comfort.com\/de\/uber-climacomfort\/eigenschaften\/luft\/#primaryimage\"},\"thumbnailUrl\":\"https:\/\/clima-comfort.com\/wp-content\/uploads\/2015\/05\/pyramide-du.jpg\",\"datePublished\":\"2015-05-27T08:58:36+00:00\",\"dateModified\":\"2015-06-11T08:17:12+00:00\",\"description\":\"Ultiem slaapcomfort is met ClimaComfort binnen handbereik. Optimale slaaptemperatuur, optimale nachtrust. Bestel nu uw ClimaComfort matras, boxspring, of topper.\",\"breadcrumb\":{\"@id\":\"https:\/\/www.clima-comfort.com\/de\/uber-climacomfort\/eigenschaften\/luft\/#breadcrumb\"},\"inLanguage\":\"de\",\"potentialAction\":[{\"@type\":\"ReadAction\",\"target\":[\"https:\/\/www.clima-comfort.com\/de\/uber-climacomfort\/eigenschaften\/luft\/\"]}]},{\"@type\":\"ImageObject\",\"inLanguage\":\"de\",\"@id\":\"https:\/\/www.clima-comfort.com\/de\/uber-climacomfort\/eigenschaften\/luft\/#primaryimage\",\"url\":\"https:\/\/clima-comfort.com\/wp-content\/uploads\/2015\/05\/pyramide-du.jpg\",\"contentUrl\":\"https:\/\/clima-comfort.com\/wp-content\/uploads\/2015\/05\/pyramide-du.jpg\"},{\"@type\":\"BreadcrumbList\",\"@id\":\"https:\/\/www.clima-comfort.com\/de\/uber-climacomfort\/eigenschaften\/luft\/#breadcrumb\",\"itemListElement\":[{\"@type\":\"ListItem\",\"position\":1,\"name\":\"Home\",\"item\":\"https:\/\/www.clima-comfort.com\/\"},{\"@type\":\"ListItem\",\"position\":2,\"name\":\"\u00dcber ClimaComfort\",\"item\":\"https:\/\/www.clima-comfort.com\/de\/uber-climacomfort\/\"},{\"@type\":\"ListItem\",\"position\":3,\"name\":\"Eigenschaften\",\"item\":\"https:\/\/www.clima-comfort.com\/de\/uber-climacomfort\/eigenschaften\/\"},{\"@type\":\"ListItem\",\"position\":4,\"name\":\"Klimaregulierung\"}]},{\"@type\":\"WebSite\",\"@id\":\"https:\/\/www.clima-comfort.com\/#website\",\"url\":\"https:\/\/www.clima-comfort.com\/\",\"name\":\"ClimaComfort\",\"description\":\"Matrassen met een uniek gevoel!\",\"potentialAction\":[{\"@type\":\"SearchAction\",\"target\":{\"@type\":\"EntryPoint\",\"urlTemplate\":\"https:\/\/www.clima-comfort.com\/?s={search_term_string}\"},\"query-input\":{\"@type\":\"PropertyValueSpecification\",\"valueRequired\":true,\"valueName\":\"search_term_string\"}}],\"inLanguage\":\"de\"}]}<\/script>\n<!-- \/ Yoast SEO plugin. -->","yoast_head_json":{"title":"Klimaregulierung - ClimaComfort","description":"Ultiem slaapcomfort is met ClimaComfort binnen handbereik. Optimale slaaptemperatuur, optimale nachtrust. Bestel nu uw ClimaComfort matras, boxspring, of topper.","robots":{"index":"index","follow":"follow","max-snippet":"max-snippet:-1","max-image-preview":"max-image-preview:large","max-video-preview":"max-video-preview:-1"},"canonical":"https:\/\/www.clima-comfort.com\/de\/uber-climacomfort\/eigenschaften\/luft\/","og_locale":"de_DE","og_type":"article","og_title":"Klimaregulierung - ClimaComfort","og_description":"Ultiem slaapcomfort is met ClimaComfort binnen handbereik. Optimale slaaptemperatuur, optimale nachtrust. Bestel nu uw ClimaComfort matras, boxspring, of topper.","og_url":"https:\/\/www.clima-comfort.com\/de\/uber-climacomfort\/eigenschaften\/luft\/","og_site_name":"ClimaComfort","article_modified_time":"2015-06-11T08:17:12+00:00","og_image":[{"url":"https:\/\/clima-comfort.com\/wp-content\/uploads\/2015\/05\/pyramide-du.jpg","type":"","width":"","height":""}],"twitter_misc":{"Gesch\u00e4tzte Lesezeit":"1\u00a0Minute"},"schema":{"@context":"https:\/\/schema.org","@graph":[{"@type":"WebPage","@id":"https:\/\/www.clima-comfort.com\/de\/uber-climacomfort\/eigenschaften\/luft\/","url":"https:\/\/www.clima-comfort.com\/de\/uber-climacomfort\/eigenschaften\/luft\/","name":"Klimaregulierung - ClimaComfort","isPartOf":{"@id":"https:\/\/www.clima-comfort.com\/#website"},"primaryImageOfPage":{"@id":"https:\/\/www.clima-comfort.com\/de\/uber-climacomfort\/eigenschaften\/luft\/#primaryimage"},"image":{"@id":"https:\/\/www.clima-comfort.com\/de\/uber-climacomfort\/eigenschaften\/luft\/#primaryimage"},"thumbnailUrl":"https:\/\/clima-comfort.com\/wp-content\/uploads\/2015\/05\/pyramide-du.jpg","datePublished":"2015-05-27T08:58:36+00:00","dateModified":"2015-06-11T08:17:12+00:00","description":"Ultiem slaapcomfort is met ClimaComfort binnen handbereik. Optimale slaaptemperatuur, optimale nachtrust. Bestel nu uw ClimaComfort matras, boxspring, of topper.","breadcrumb":{"@id":"https:\/\/www.clima-comfort.com\/de\/uber-climacomfort\/eigenschaften\/luft\/#breadcrumb"},"inLanguage":"de","potentialAction":[{"@type":"ReadAction","target":["https:\/\/www.clima-comfort.com\/de\/uber-climacomfort\/eigenschaften\/luft\/"]}]},{"@type":"ImageObject","inLanguage":"de","@id":"https:\/\/www.clima-comfort.com\/de\/uber-climacomfort\/eigenschaften\/luft\/#primaryimage","url":"https:\/\/clima-comfort.com\/wp-content\/uploads\/2015\/05\/pyramide-du.jpg","contentUrl":"https:\/\/clima-comfort.com\/wp-content\/uploads\/2015\/05\/pyramide-du.jpg"},{"@type":"BreadcrumbList","@id":"https:\/\/www.clima-comfort.com\/de\/uber-climacomfort\/eigenschaften\/luft\/#breadcrumb","itemListElement":[{"@type":"ListItem","position":1,"name":"Home","item":"https:\/\/www.clima-comfort.com\/"},{"@type":"ListItem","position":2,"name":"\u00dcber ClimaComfort","item":"https:\/\/www.clima-comfort.com\/de\/uber-climacomfort\/"},{"@type":"ListItem","position":3,"name":"Eigenschaften","item":"https:\/\/www.clima-comfort.com\/de\/uber-climacomfort\/eigenschaften\/"},{"@type":"ListItem","position":4,"name":"Klimaregulierung"}]},{"@type":"WebSite","@id":"https:\/\/www.clima-comfort.com\/#website","url":"https:\/\/www.clima-comfort.com\/","name":"ClimaComfort","description":"Matrassen met een uniek gevoel!","potentialAction":[{"@type":"SearchAction","target":{"@type":"EntryPoint","urlTemplate":"https:\/\/www.clima-comfort.com\/?s={search_term_string}"},"query-input":{"@type":"PropertyValueSpecification","valueRequired":true,"valueName":"search_term_string"}}],"inLanguage":"de"}]}},"_links":{"self":[{"href":"https:\/\/www.clima-comfort.com\/de\/wp-json\/wp\/v2\/pages\/615","targetHints":{"allow":["GET"]}}],"collection":[{"href":"https:\/\/www.clima-comfort.com\/de\/wp-json\/wp\/v2\/pages"}],"about":[{"href":"https:\/\/www.clima-comfort.com\/de\/wp-json\/wp\/v2\/types\/page"}],"author":[{"embeddable":true,"href":"https:\/\/www.clima-comfort.com\/de\/wp-json\/wp\/v2\/users\/5"}],"replies":[{"embeddable":true,"href":"https:\/\/www.clima-comfort.com\/de\/wp-json\/wp\/v2\/comments?post=615"}],"version-history":[{"count":5,"href":"https:\/\/www.clima-comfort.com\/de\/wp-json\/wp\/v2\/pages\/615\/revisions"}],"predecessor-version":[{"id":868,"href":"https:\/\/www.clima-comfort.com\/de\/wp-json\/wp\/v2\/pages\/615\/revisions\/868"}],"up":[{"embeddable":true,"href":"https:\/\/www.clima-comfort.com\/de\/wp-json\/wp\/v2\/pages\/608"}],"wp:attachment":[{"href":"https:\/\/www.clima-comfort.com\/de\/wp-json\/wp\/v2\/media?parent=615"}],"curies":[{"name":"wp","href":"https:\/\/api.w.org\/{rel}","templated":true}]}}