{"id":619,"date":"2015-05-27T09:59:29","date_gmt":"2015-05-27T08:59:29","guid":{"rendered":"http:\/\/comclimacom-hodu.savviihq.com\/?page_id=619"},"modified":"2015-06-10T13:07:38","modified_gmt":"2015-06-10T12:07:38","slug":"maxtras","status":"publish","type":"page","link":"https:\/\/www.clima-comfort.com\/de\/uber-climacomfort\/maxtras\/","title":{"rendered":"Maxtras"},"content":{"rendered":"<p>Die Firma Maxtras BV wurde 2001 in Wijchen gegr\u00fcndet und hat sich inzwischen zu einem professionellen Hersteller von Matratzen, Betten und Boxsprings entwickelt. Wir glauben an Qualit\u00e4tsfaktoren wie Fachkompetenz, Gr\u00fcndlichkeit und Verl\u00e4sslichkeit. Wir investieren in Mitarbeiter, die in der Region verwurzelt sind, und legen Wert auf eine verantwortungsbewusste Arbeitsumgebung.<\/p>\n<h2>Anerkannter Matratzenfabrikant<\/h2>\n<p>Bei unserer t\u00e4glichen Arbeit kombinieren wir zeitgem\u00e4\u00dfe Effizienz mit weitgehender verwaltungstechnischer Automatisierung sowie kontrollierten internen und externen Logistik-Prozessen.<\/p>\n<p>Kombiniert mit dem richtigen Preis-Leistungs-Verh\u00e4ltnis wird Maxtras dadurch zu einem anerkannten Hersteller hochwertiger Schlafsysteme.<\/p>\n<p>Als Hersteller von Matratzen, Boxsprings, Bettb\u00f6den, Kissen und \u00e4hnlichen Artikeln beliefert Maxtras renommierte Bettenfachgesch\u00e4fte im gesamten Benelux-Gebiet und Deutschland.<\/p>\n<p><a href=\"https:\/\/maxtras.nl\/\">Besuchen Sie die Website von Maxtras.<\/a><\/p>\n","protected":false},"excerpt":{"rendered":"<p>Die Firma Maxtras BV wurde 2001 in Wijchen gegr\u00fcndet und hat sich inzwischen zu einem professionellen Hersteller von Matratzen, Betten und Boxsprings entwickelt. Wir glauben an Qualit\u00e4tsfaktoren wie Fachkompetenz, Gr\u00fcndlichkeit und Verl\u00e4sslichkeit. Wir investieren in Mitarbeiter, die in der Region verwurzelt sind, und legen Wert auf eine verantwortungsbewusste Arbeitsumgebung. Anerkannter Matratzenfabrikant Bei unserer t\u00e4glichen Arbeit [&hellip;]<\/p>\n","protected":false},"author":5,"featured_media":181,"parent":604,"menu_order":0,"comment_status":"open","ping_status":"open","template":"","meta":{"_acf_changed":false,"footnotes":""},"class_list":["post-619","page","type-page","status-publish","has-post-thumbnail","hentry"],"acf":[],"yoast_head":"<!-- This site is optimized with the Yoast SEO plugin v24.4 - https:\/\/yoast.com\/wordpress\/plugins\/seo\/ -->\n<title>Maxtras - ClimaComfort<\/title>\n<meta name=\"description\" content=\"Ultiem slaapcomfort is met ClimaComfort binnen handbereik. Optimale slaaptemperatuur, optimale nachtrust. Bestel nu uw ClimaComfort matras, boxspring, of topper.\" \/>\n<meta name=\"robots\" content=\"index, follow, max-snippet:-1, max-image-preview:large, max-video-preview:-1\" \/>\n<link rel=\"canonical\" href=\"https:\/\/www.clima-comfort.com\/de\/uber-climacomfort\/maxtras\/\" \/>\n<meta property=\"og:locale\" content=\"de_DE\" \/>\n<meta property=\"og:type\" content=\"article\" \/>\n<meta property=\"og:title\" content=\"Maxtras - ClimaComfort\" \/>\n<meta property=\"og:description\" content=\"Ultiem slaapcomfort is met ClimaComfort binnen handbereik. Optimale slaaptemperatuur, optimale nachtrust. Bestel nu uw ClimaComfort matras, boxspring, of topper.\" \/>\n<meta property=\"og:url\" content=\"https:\/\/www.clima-comfort.com\/de\/uber-climacomfort\/maxtras\/\" \/>\n<meta property=\"og:site_name\" content=\"ClimaComfort\" \/>\n<meta property=\"article:modified_time\" content=\"2015-06-10T12:07:38+00:00\" \/>\n<meta property=\"og:image\" content=\"https:\/\/www.clima-comfort.com\/wp-content\/uploads\/2014\/12\/slide-maxtras.jpg\" \/>\n\t<meta property=\"og:image:width\" content=\"1300\" \/>\n\t<meta property=\"og:image:height\" content=\"352\" \/>\n\t<meta property=\"og:image:type\" content=\"image\/jpeg\" \/>\n<meta name=\"twitter:label1\" content=\"Gesch\u00e4tzte Lesezeit\" \/>\n\t<meta name=\"twitter:data1\" content=\"1\u00a0Minute\" \/>\n<script type=\"application\/ld+json\" class=\"yoast-schema-graph\">{\"@context\":\"https:\/\/schema.org\",\"@graph\":[{\"@type\":\"WebPage\",\"@id\":\"https:\/\/www.clima-comfort.com\/de\/uber-climacomfort\/maxtras\/\",\"url\":\"https:\/\/www.clima-comfort.com\/de\/uber-climacomfort\/maxtras\/\",\"name\":\"Maxtras - ClimaComfort\",\"isPartOf\":{\"@id\":\"https:\/\/www.clima-comfort.com\/#website\"},\"primaryImageOfPage\":{\"@id\":\"https:\/\/www.clima-comfort.com\/de\/uber-climacomfort\/maxtras\/#primaryimage\"},\"image\":{\"@id\":\"https:\/\/www.clima-comfort.com\/de\/uber-climacomfort\/maxtras\/#primaryimage\"},\"thumbnailUrl\":\"https:\/\/www.clima-comfort.com\/wp-content\/uploads\/2014\/12\/slide-maxtras.jpg\",\"datePublished\":\"2015-05-27T08:59:29+00:00\",\"dateModified\":\"2015-06-10T12:07:38+00:00\",\"description\":\"Ultiem slaapcomfort is met ClimaComfort binnen handbereik. Optimale slaaptemperatuur, optimale nachtrust. Bestel nu uw ClimaComfort matras, boxspring, of topper.\",\"breadcrumb\":{\"@id\":\"https:\/\/www.clima-comfort.com\/de\/uber-climacomfort\/maxtras\/#breadcrumb\"},\"inLanguage\":\"de\",\"potentialAction\":[{\"@type\":\"ReadAction\",\"target\":[\"https:\/\/www.clima-comfort.com\/de\/uber-climacomfort\/maxtras\/\"]}]},{\"@type\":\"ImageObject\",\"inLanguage\":\"de\",\"@id\":\"https:\/\/www.clima-comfort.com\/de\/uber-climacomfort\/maxtras\/#primaryimage\",\"url\":\"https:\/\/www.clima-comfort.com\/wp-content\/uploads\/2014\/12\/slide-maxtras.jpg\",\"contentUrl\":\"https:\/\/www.clima-comfort.com\/wp-content\/uploads\/2014\/12\/slide-maxtras.jpg\",\"width\":1300,\"height\":352},{\"@type\":\"BreadcrumbList\",\"@id\":\"https:\/\/www.clima-comfort.com\/de\/uber-climacomfort\/maxtras\/#breadcrumb\",\"itemListElement\":[{\"@type\":\"ListItem\",\"position\":1,\"name\":\"Home\",\"item\":\"https:\/\/www.clima-comfort.com\/\"},{\"@type\":\"ListItem\",\"position\":2,\"name\":\"\u00dcber ClimaComfort\",\"item\":\"https:\/\/www.clima-comfort.com\/de\/uber-climacomfort\/\"},{\"@type\":\"ListItem\",\"position\":3,\"name\":\"Maxtras\"}]},{\"@type\":\"WebSite\",\"@id\":\"https:\/\/www.clima-comfort.com\/#website\",\"url\":\"https:\/\/www.clima-comfort.com\/\",\"name\":\"ClimaComfort\",\"description\":\"Matrassen met een uniek gevoel!\",\"potentialAction\":[{\"@type\":\"SearchAction\",\"target\":{\"@type\":\"EntryPoint\",\"urlTemplate\":\"https:\/\/www.clima-comfort.com\/?s={search_term_string}\"},\"query-input\":{\"@type\":\"PropertyValueSpecification\",\"valueRequired\":true,\"valueName\":\"search_term_string\"}}],\"inLanguage\":\"de\"}]}<\/script>\n<!-- \/ Yoast SEO plugin. -->","yoast_head_json":{"title":"Maxtras - ClimaComfort","description":"Ultiem slaapcomfort is met ClimaComfort binnen handbereik. Optimale slaaptemperatuur, optimale nachtrust. Bestel nu uw ClimaComfort matras, boxspring, of topper.","robots":{"index":"index","follow":"follow","max-snippet":"max-snippet:-1","max-image-preview":"max-image-preview:large","max-video-preview":"max-video-preview:-1"},"canonical":"https:\/\/www.clima-comfort.com\/de\/uber-climacomfort\/maxtras\/","og_locale":"de_DE","og_type":"article","og_title":"Maxtras - ClimaComfort","og_description":"Ultiem slaapcomfort is met ClimaComfort binnen handbereik. Optimale slaaptemperatuur, optimale nachtrust. Bestel nu uw ClimaComfort matras, boxspring, of topper.","og_url":"https:\/\/www.clima-comfort.com\/de\/uber-climacomfort\/maxtras\/","og_site_name":"ClimaComfort","article_modified_time":"2015-06-10T12:07:38+00:00","og_image":[{"width":1300,"height":352,"url":"https:\/\/www.clima-comfort.com\/wp-content\/uploads\/2014\/12\/slide-maxtras.jpg","type":"image\/jpeg"}],"twitter_misc":{"Gesch\u00e4tzte Lesezeit":"1\u00a0Minute"},"schema":{"@context":"https:\/\/schema.org","@graph":[{"@type":"WebPage","@id":"https:\/\/www.clima-comfort.com\/de\/uber-climacomfort\/maxtras\/","url":"https:\/\/www.clima-comfort.com\/de\/uber-climacomfort\/maxtras\/","name":"Maxtras - ClimaComfort","isPartOf":{"@id":"https:\/\/www.clima-comfort.com\/#website"},"primaryImageOfPage":{"@id":"https:\/\/www.clima-comfort.com\/de\/uber-climacomfort\/maxtras\/#primaryimage"},"image":{"@id":"https:\/\/www.clima-comfort.com\/de\/uber-climacomfort\/maxtras\/#primaryimage"},"thumbnailUrl":"https:\/\/www.clima-comfort.com\/wp-content\/uploads\/2014\/12\/slide-maxtras.jpg","datePublished":"2015-05-27T08:59:29+00:00","dateModified":"2015-06-10T12:07:38+00:00","description":"Ultiem slaapcomfort is met ClimaComfort binnen handbereik. Optimale slaaptemperatuur, optimale nachtrust. Bestel nu uw ClimaComfort matras, boxspring, of topper.","breadcrumb":{"@id":"https:\/\/www.clima-comfort.com\/de\/uber-climacomfort\/maxtras\/#breadcrumb"},"inLanguage":"de","potentialAction":[{"@type":"ReadAction","target":["https:\/\/www.clima-comfort.com\/de\/uber-climacomfort\/maxtras\/"]}]},{"@type":"ImageObject","inLanguage":"de","@id":"https:\/\/www.clima-comfort.com\/de\/uber-climacomfort\/maxtras\/#primaryimage","url":"https:\/\/www.clima-comfort.com\/wp-content\/uploads\/2014\/12\/slide-maxtras.jpg","contentUrl":"https:\/\/www.clima-comfort.com\/wp-content\/uploads\/2014\/12\/slide-maxtras.jpg","width":1300,"height":352},{"@type":"BreadcrumbList","@id":"https:\/\/www.clima-comfort.com\/de\/uber-climacomfort\/maxtras\/#breadcrumb","itemListElement":[{"@type":"ListItem","position":1,"name":"Home","item":"https:\/\/www.clima-comfort.com\/"},{"@type":"ListItem","position":2,"name":"\u00dcber ClimaComfort","item":"https:\/\/www.clima-comfort.com\/de\/uber-climacomfort\/"},{"@type":"ListItem","position":3,"name":"Maxtras"}]},{"@type":"WebSite","@id":"https:\/\/www.clima-comfort.com\/#website","url":"https:\/\/www.clima-comfort.com\/","name":"ClimaComfort","description":"Matrassen met een uniek gevoel!","potentialAction":[{"@type":"SearchAction","target":{"@type":"EntryPoint","urlTemplate":"https:\/\/www.clima-comfort.com\/?s={search_term_string}"},"query-input":{"@type":"PropertyValueSpecification","valueRequired":true,"valueName":"search_term_string"}}],"inLanguage":"de"}]}},"_links":{"self":[{"href":"https:\/\/www.clima-comfort.com\/de\/wp-json\/wp\/v2\/pages\/619","targetHints":{"allow":["GET"]}}],"collection":[{"href":"https:\/\/www.clima-comfort.com\/de\/wp-json\/wp\/v2\/pages"}],"about":[{"href":"https:\/\/www.clima-comfort.com\/de\/wp-json\/wp\/v2\/types\/page"}],"author":[{"embeddable":true,"href":"https:\/\/www.clima-comfort.com\/de\/wp-json\/wp\/v2\/users\/5"}],"replies":[{"embeddable":true,"href":"https:\/\/www.clima-comfort.com\/de\/wp-json\/wp\/v2\/comments?post=619"}],"version-history":[{"count":2,"href":"https:\/\/www.clima-comfort.com\/de\/wp-json\/wp\/v2\/pages\/619\/revisions"}],"predecessor-version":[{"id":695,"href":"https:\/\/www.clima-comfort.com\/de\/wp-json\/wp\/v2\/pages\/619\/revisions\/695"}],"up":[{"embeddable":true,"href":"https:\/\/www.clima-comfort.com\/de\/wp-json\/wp\/v2\/pages\/604"}],"wp:featuredmedia":[{"embeddable":true,"href":"https:\/\/www.clima-comfort.com\/de\/wp-json\/wp\/v2\/media\/181"}],"wp:attachment":[{"href":"https:\/\/www.clima-comfort.com\/de\/wp-json\/wp\/v2\/media?parent=619"}],"curies":[{"name":"wp","href":"https:\/\/api.w.org\/{rel}","templated":true}]}}