{"id":621,"date":"2015-05-27T10:00:18","date_gmt":"2015-05-27T09:00:18","guid":{"rendered":"http:\/\/comclimacom-hodu.savviihq.com\/?page_id=621"},"modified":"2015-06-10T14:35:18","modified_gmt":"2015-06-10T13:35:18","slug":"produkten","status":"publish","type":"page","link":"https:\/\/www.clima-comfort.com\/de\/produkten\/","title":{"rendered":"Produkten"},"content":{"rendered":"<h2>Zu warm oder zu kalt im Bett?<\/h2>\n<p>Manchmal m\u00f6gen wir es warm im Bett, manchmal kalt. Der eine hat mehr Probleme damit als der andere. Es ist unerfreulich, wenn man aufgrund einer unangenehmen Temperatur wach wird und dann wach bleibt. Zudem sorgen diese Probleme daf\u00fcr, dass man seinen Tag nicht ausgeruht beginnen kann. Kurz gesagt: W\u00e4rme und K\u00e4lte sind Elemente, die den Schlafkomfort erheblich beeintr\u00e4chtigen k\u00f6nnen.<\/p>\n<h2>Nie mehr nachts wach liegen!<\/h2>\n<p>ClimaComfort hat ein Schlafsystem entwickelt, das Ihre Temperatur nachts reguliert, sodass Sie optimal schlafen k\u00f6nnen. In den ClimaComfort-Matratzen wird <a href=\"https:\/\/clima-comfort.com\/de\/uber-climacomfort\/climafoam\/\">CLIMAFOAM\u00ae<\/a> verwendet. Dieser Schaumstoff reguliert die K\u00f6rpertemperatur und ist in der Lage, W\u00e4rme sowohl zuzuf\u00fchren als auch abzuleiten. ClimaComfort-Matratzen bieten optimalen Schlafkomfort und sorgen f\u00fcr ein Ende der schlaflosen N\u00e4chte.<\/p>\n<h2>Die ClimaComfort-Produkte<\/h2>\n<p>Das Sortiment von ClimaComfort besteht aus sieben Produkten, die alle zur Optimierung Ihres Schlafkomforts beitragen. Sie k\u00f6nnen sich entscheiden, die Produkte separat zu nutzen oder verschiedene Produkte zu kombinieren. Alle ClimaComfort-Produkte haben eine <a href=\"https:\/\/clima-comfort.com\/de\/uber-climacomfort\/eigenschaften\/luft\/\">klimaregulierende Wirkung<\/a>. Hier unser Sortiment:<\/p>\n<ul>\n<li>Eine <a href=\"https:\/\/clima-comfort.com\/de\/produkten\/matratzen\/\">klimaregulierende Matratze<\/a>: Sind Sie mit Ihrem Bettboden und Bettgeh\u00e4use zufrieden und suchen nur nach einer neuen Matratze, die Ihren Schlafkomfort erh\u00f6ht? Dann sind Sie bei ClimaComfort an der richtigen Adresse. ClimaComfort-Matratzen sind auf die Regulierung Ihrer K\u00f6rperw\u00e4rme ausgerichtet. Die Matratzen unterscheiden sich in ihrem Materialaufbau, verf\u00fcgen aber alle \u00fcber CLIMAFOAM\u00ae.<\/li>\n<li>Ein <a href=\"https:\/\/clima-comfort.com\/de\/produkten\/angstrohre\/\">klimaregulierender Topper<\/a>: Auch wenn Sie ein Boxspringbett haben und auf der Suche nach einem Topper sind, k\u00f6nnen wir Ihnen weiterhelfen. ClimaComfort hat neben vier Matratzen auch einen Topper in seinem Sortiment. Auch bei dieser Auflage wurde CLIMAFOAM\u00ae verwendet. Der Topper ist mit allen\u00a0ClimaComfort-Matratzen\u00a0oder -Boxsprings kombinierbar, aber auch mit anderen Matratzen.<\/li>\n<li>Ein <a href=\"https:\/\/clima-comfort.com\/de\/produkten\/boxspring\/\">klimaregulierendes Boxspring<\/a>bett: Bei ultimativem Schlafkomfort denken wir an ein klimaregulierendes Boxspringbett. ClimaComfort-Boxspringbetten regulieren Ihre K\u00f6pertemperatur durch die Kombination einer bel\u00fcftenden Box mit einer klimaregulierenden Matratze und einem Topper. Auf diese Weise findet ein ultimativer Temperaturausgleich statt.<\/li>\n<\/ul>\n","protected":false},"excerpt":{"rendered":"<p>Zu warm oder zu kalt im Bett? Manchmal m\u00f6gen wir es warm im Bett, manchmal kalt. Der eine hat mehr Probleme damit als der andere. Es ist unerfreulich, wenn man aufgrund einer unangenehmen Temperatur wach wird und dann wach bleibt. Zudem sorgen diese Probleme daf\u00fcr, dass man seinen Tag nicht ausgeruht beginnen kann. Kurz gesagt: [&hellip;]<\/p>\n","protected":false},"author":5,"featured_media":0,"parent":0,"menu_order":0,"comment_status":"open","ping_status":"open","template":"","meta":{"_acf_changed":false,"footnotes":""},"class_list":["post-621","page","type-page","status-publish","hentry"],"acf":[],"yoast_head":"<!-- This site is optimized with the Yoast SEO plugin v24.4 - https:\/\/yoast.com\/wordpress\/plugins\/seo\/ -->\n<title>Produkten - ClimaComfort<\/title>\n<meta name=\"description\" content=\"Ultiem slaapcomfort is met ClimaComfort binnen handbereik. Optimale slaaptemperatuur, optimale nachtrust. Bestel nu uw ClimaComfort matras, boxspring, of topper.\" \/>\n<meta name=\"robots\" content=\"index, follow, max-snippet:-1, max-image-preview:large, max-video-preview:-1\" \/>\n<link rel=\"canonical\" href=\"https:\/\/www.clima-comfort.com\/de\/produkten\/\" \/>\n<meta property=\"og:locale\" content=\"de_DE\" \/>\n<meta property=\"og:type\" content=\"article\" \/>\n<meta property=\"og:title\" content=\"Produkten - ClimaComfort\" \/>\n<meta property=\"og:description\" content=\"Ultiem slaapcomfort is met ClimaComfort binnen handbereik. Optimale slaaptemperatuur, optimale nachtrust. Bestel nu uw ClimaComfort matras, boxspring, of topper.\" \/>\n<meta property=\"og:url\" content=\"https:\/\/www.clima-comfort.com\/de\/produkten\/\" \/>\n<meta property=\"og:site_name\" content=\"ClimaComfort\" \/>\n<meta property=\"article:modified_time\" content=\"2015-06-10T13:35:18+00:00\" \/>\n<meta name=\"twitter:label1\" content=\"Gesch\u00e4tzte Lesezeit\" \/>\n\t<meta name=\"twitter:data1\" content=\"2\u00a0Minuten\" \/>\n<script type=\"application\/ld+json\" class=\"yoast-schema-graph\">{\"@context\":\"https:\/\/schema.org\",\"@graph\":[{\"@type\":\"WebPage\",\"@id\":\"https:\/\/www.clima-comfort.com\/de\/produkten\/\",\"url\":\"https:\/\/www.clima-comfort.com\/de\/produkten\/\",\"name\":\"Produkten - ClimaComfort\",\"isPartOf\":{\"@id\":\"https:\/\/www.clima-comfort.com\/#website\"},\"datePublished\":\"2015-05-27T09:00:18+00:00\",\"dateModified\":\"2015-06-10T13:35:18+00:00\",\"description\":\"Ultiem slaapcomfort is met ClimaComfort binnen handbereik. Optimale slaaptemperatuur, optimale nachtrust. Bestel nu uw ClimaComfort matras, boxspring, of topper.\",\"breadcrumb\":{\"@id\":\"https:\/\/www.clima-comfort.com\/de\/produkten\/#breadcrumb\"},\"inLanguage\":\"de\",\"potentialAction\":[{\"@type\":\"ReadAction\",\"target\":[\"https:\/\/www.clima-comfort.com\/de\/produkten\/\"]}]},{\"@type\":\"BreadcrumbList\",\"@id\":\"https:\/\/www.clima-comfort.com\/de\/produkten\/#breadcrumb\",\"itemListElement\":[{\"@type\":\"ListItem\",\"position\":1,\"name\":\"Home\",\"item\":\"https:\/\/www.clima-comfort.com\/\"},{\"@type\":\"ListItem\",\"position\":2,\"name\":\"Produkten\"}]},{\"@type\":\"WebSite\",\"@id\":\"https:\/\/www.clima-comfort.com\/#website\",\"url\":\"https:\/\/www.clima-comfort.com\/\",\"name\":\"ClimaComfort\",\"description\":\"Matrassen met een uniek gevoel!\",\"potentialAction\":[{\"@type\":\"SearchAction\",\"target\":{\"@type\":\"EntryPoint\",\"urlTemplate\":\"https:\/\/www.clima-comfort.com\/?s={search_term_string}\"},\"query-input\":{\"@type\":\"PropertyValueSpecification\",\"valueRequired\":true,\"valueName\":\"search_term_string\"}}],\"inLanguage\":\"de\"}]}<\/script>\n<!-- \/ Yoast SEO plugin. -->","yoast_head_json":{"title":"Produkten - ClimaComfort","description":"Ultiem slaapcomfort is met ClimaComfort binnen handbereik. Optimale slaaptemperatuur, optimale nachtrust. Bestel nu uw ClimaComfort matras, boxspring, of topper.","robots":{"index":"index","follow":"follow","max-snippet":"max-snippet:-1","max-image-preview":"max-image-preview:large","max-video-preview":"max-video-preview:-1"},"canonical":"https:\/\/www.clima-comfort.com\/de\/produkten\/","og_locale":"de_DE","og_type":"article","og_title":"Produkten - ClimaComfort","og_description":"Ultiem slaapcomfort is met ClimaComfort binnen handbereik. Optimale slaaptemperatuur, optimale nachtrust. Bestel nu uw ClimaComfort matras, boxspring, of topper.","og_url":"https:\/\/www.clima-comfort.com\/de\/produkten\/","og_site_name":"ClimaComfort","article_modified_time":"2015-06-10T13:35:18+00:00","twitter_misc":{"Gesch\u00e4tzte Lesezeit":"2\u00a0Minuten"},"schema":{"@context":"https:\/\/schema.org","@graph":[{"@type":"WebPage","@id":"https:\/\/www.clima-comfort.com\/de\/produkten\/","url":"https:\/\/www.clima-comfort.com\/de\/produkten\/","name":"Produkten - ClimaComfort","isPartOf":{"@id":"https:\/\/www.clima-comfort.com\/#website"},"datePublished":"2015-05-27T09:00:18+00:00","dateModified":"2015-06-10T13:35:18+00:00","description":"Ultiem slaapcomfort is met ClimaComfort binnen handbereik. Optimale slaaptemperatuur, optimale nachtrust. Bestel nu uw ClimaComfort matras, boxspring, of topper.","breadcrumb":{"@id":"https:\/\/www.clima-comfort.com\/de\/produkten\/#breadcrumb"},"inLanguage":"de","potentialAction":[{"@type":"ReadAction","target":["https:\/\/www.clima-comfort.com\/de\/produkten\/"]}]},{"@type":"BreadcrumbList","@id":"https:\/\/www.clima-comfort.com\/de\/produkten\/#breadcrumb","itemListElement":[{"@type":"ListItem","position":1,"name":"Home","item":"https:\/\/www.clima-comfort.com\/"},{"@type":"ListItem","position":2,"name":"Produkten"}]},{"@type":"WebSite","@id":"https:\/\/www.clima-comfort.com\/#website","url":"https:\/\/www.clima-comfort.com\/","name":"ClimaComfort","description":"Matrassen met een uniek gevoel!","potentialAction":[{"@type":"SearchAction","target":{"@type":"EntryPoint","urlTemplate":"https:\/\/www.clima-comfort.com\/?s={search_term_string}"},"query-input":{"@type":"PropertyValueSpecification","valueRequired":true,"valueName":"search_term_string"}}],"inLanguage":"de"}]}},"_links":{"self":[{"href":"https:\/\/www.clima-comfort.com\/de\/wp-json\/wp\/v2\/pages\/621","targetHints":{"allow":["GET"]}}],"collection":[{"href":"https:\/\/www.clima-comfort.com\/de\/wp-json\/wp\/v2\/pages"}],"about":[{"href":"https:\/\/www.clima-comfort.com\/de\/wp-json\/wp\/v2\/types\/page"}],"author":[{"embeddable":true,"href":"https:\/\/www.clima-comfort.com\/de\/wp-json\/wp\/v2\/users\/5"}],"replies":[{"embeddable":true,"href":"https:\/\/www.clima-comfort.com\/de\/wp-json\/wp\/v2\/comments?post=621"}],"version-history":[{"count":4,"href":"https:\/\/www.clima-comfort.com\/de\/wp-json\/wp\/v2\/pages\/621\/revisions"}],"predecessor-version":[{"id":835,"href":"https:\/\/www.clima-comfort.com\/de\/wp-json\/wp\/v2\/pages\/621\/revisions\/835"}],"wp:attachment":[{"href":"https:\/\/www.clima-comfort.com\/de\/wp-json\/wp\/v2\/media?parent=621"}],"curies":[{"name":"wp","href":"https:\/\/api.w.org\/{rel}","templated":true}]}}