{"id":625,"date":"2015-05-27T10:01:02","date_gmt":"2015-05-27T09:01:02","guid":{"rendered":"http:\/\/comclimacom-hodu.savviihq.com\/?page_id=625"},"modified":"2015-06-10T14:41:40","modified_gmt":"2015-06-10T13:41:40","slug":"matratzen","status":"publish","type":"page","link":"https:\/\/www.clima-comfort.com\/de\/produkten\/matratzen\/","title":{"rendered":"Matratzen"},"content":{"rendered":"<h2>Welche Matratze passt zu mir?<\/h2>\n<p>Bei der Anschaffung einer Matratze ist es wichtig, dass Sie eine Matratze finden, die zu Ihnen passt. Bei Untersuchungen der Verbraucherzentralen hat sich herausgestellt, dass Sie beim Kauf einer Matratze folgende Punkte ber\u00fccksichtigen sollten:<\/p>\n<ul>\n<li>Der Bettboden: Wird die Matratze auf einem Spiralboden, einem Lattenrost oder einem Boxspring liegen? Das Material des Bettbodens ist f\u00fcr die Bel\u00fcftung von wesentlicher Bedeutung. ClimaComfort-Matratzen sind f\u00fcr alle Arten von Bettb\u00f6den geeignet. Die Art des Bettbodens kann jedoch auch Ihren Schlafkomfort beeinflussen.<\/li>\n<li>Eventuelle Beschwerden, die Sie bei Ihrer heutigen Matratze haben: Aus welchem Grund kaufen Sie eine neue Matratze? Ist Ihre Matratze zu alt geworden, haben Sie R\u00fcckenbeschwerden oder ist Ihnen immer zu warm oder zu kalt im Bett? In allen drei F\u00e4llen ist eine ClimaComfort-Matratze die L\u00f6sung. ClimaComfort-Matratzen sind qualitativ hochwertig und regulieren die Temperatur. Mit einer ClimaComfort-Matratze ist Ihnen im Bett nie mehr zu warm oder zu kalt. Dar\u00fcber hinaus besitzen die Matratzen eine ergonomische Zoneneinteilung, durch die Ihr R\u00fccken ausreichend gest\u00fctzt wird und sich vollkommen entspannen kann.<\/li>\n<li>Ist die Matratze f\u00fcr meine bevorzugte Schlafhaltung geeignet? Manche Matratzen sind nur f\u00fcr Menschen geeignet, die auf dem Bauch, auf der Seite oder auf dem R\u00fccken schlafen. Die Matratzen von ClimaComfort sind f\u00fcr jede Schlafhaltung geeignet. Die ergonomische Zoneneinteilung sorgt daf\u00fcr, dass Sie sowohl auf dem R\u00fccken als auch auf dem Bauch oder der Seite herrlich schlafen k\u00f6nnen.<\/li>\n<li>Probeliegen: Wenn Sie eine neue Matratze kaufen, tun Sie nichts Un\u00fcberlegtes. Es ist wichtig, dass Sie erleben, wie es sich auf der Matratze liegt. Das Sortiment von ClimaComfort besteht aus vier verschiedenen Matratzen. M\u00f6chten Sie wissen, welche Matratze zu Ihnen passt? <a href=\"https:\/\/clima-comfort.com\/verkoopadressen\/\">Besuchen Sie dann einen ClimaComfort-H\u00e4ndler<\/a> und erleben Sie es selbst!<\/li>\n<\/ul>\n<h2>Das ClimaComfort-Sortiment<\/h2>\n<p>Abh\u00e4ngig von Ihren pers\u00f6nlichen Vorlieben und Schlafgewohnheiten, von Ihrer Statur und Konstitution bietet ClimaComfort einzigartigen Schlafkomfort f\u00fcr alle. Jede Matratze hat einen zonierten Kern f\u00fcr die <a href=\"https:\/\/clima-comfort.com\/climacomfort\/kenmerken\/ergonomische-basis\/\">ergonomische Unterst\u00fctzung<\/a> und darauf eine <a href=\"https:\/\/clima-comfort.com\/climacomfort\/kenmerken\/klimatisering\/\">klimaregulierende Auflage<\/a>, die f\u00fcr den Temperaturausgleich sorgt. Die vier Modelle haben alle die gleiche H\u00f6he und sind dadurch problemlos nebeneinander zu nutzen. ClimaComfort-Matratzen sind f\u00fcr jeden geeignet.<\/p>\n<h2>Eine ergonomische Matratze, die Ihre K\u00f6rperw\u00e4rme reguliert<\/h2>\n<p>Die Matratzen von ClimaComfort haben eine Auflage aus CLIMAFOAM\u00ae, einem Material, das die K\u00f6rperw\u00e4rme reguliert und f\u00fcr optimalen Schlafkomfort sorgt. Alle Matratzen haben einen <a href=\"https:\/\/clima-comfort.com\/de\/product\/climacomfort-t\u2026gel-matrashoes\/\">Matratzenbezug<\/a> mit Thermo-Gel\u00ae-Finish, der daf\u00fcr sorgt, dass CLIMAFOAM\u00ae optimal wirken kann. Das Sortiment besteht aus den folgenden Modellen, die jeweils in den folgenden Gr\u00f6\u00dfen lieferbar sind: 200, 210 und 220 cm L\u00e4nge sowie 70, 80, 90, 100, 110, 120, 130, 140, 150, 160, 170 und 180 cm Breite:<\/p>\n<ul>\n<li><a href=\"https:\/\/clima-comfort.com\/de\/product\/climacomfort-st1000-matratze\/\">ST1000<\/a>: Bei dieser Matratze besteht die oberste Lage aus <a href=\"https:\/\/clima-comfort.com\/de\/uber-climacomfort\/climafoam\/\">CLIMAFOAM\u00ae<\/a>, darunter befinden sich zwei Lagen EvoPore\u00ae-Matratzenschaumstoff. Die obere Schaumstofflage ist weich und passt sich Ihrem K\u00f6rper an, w\u00e4hrend die untere Lage Gegendruck bietet.<\/li>\n<li><a href=\"https:\/\/clima-comfort.com\/de\/product\/climacomfort-st2000-matratze\/\">ST2000<\/a>: Diese Matratze \u00e4hnelt der ST1000, hat aber au\u00dfer CLIMAFOAM\u00ae und den beiden Lagen EvoPore\u00ae auch Taschenfedern, die in sieben Komfortzonen eingeteilt sind. Diese Zonen sorgen f\u00fcr die Unterst\u00fctzung an den Stellen, an denen Ihr K\u00f6rper sie ben\u00f6tigt. Die Matratze ist ideal f\u00fcr Menschen mit R\u00fcckenbeschwerden.<\/li>\n<li><a href=\"https:\/\/clima-comfort.com\/de\/product\/climacomfort-st3000-matratze\/\">ST3000<\/a>: Diese Matratze besteht aus f\u00fcnf Lagen: Unter der obersten Lage aus CLIMAFOAM\u00ae befinden sich zwei Lagen Viscopore\u00ae. Dieser Matratzenschaumstoff besitzt eine druckmindernde Wirkung, wodurch es sich anf\u00fchlt, als \u201eschwebten\u201c Sie im Bett. Die Unterseite der Matratze besteht aus zwei zonierten Lagen EvoPore\u00ae, die dem druckmindernden Schaumstoff ausreichend Gegendruck bieten. Durch die druckmindernde Wirkung der Matratze ist sie f\u00fcr Menschen mit Knochen- und Gelenkbeschwerden, zum Beispiel Rheumakranke, besonders gut geeignet.<\/li>\n<li><a href=\"https:\/\/clima-comfort.com\/de\/product\/climacomfort-st4000-matratze\/\">ST4000<\/a>: das Beste vom Besten! Au\u00dfer den Lagen, die der ST3000 entsprechen, bietet diese Matratze eine Taschenfederung mit sieben Zonen. Sie sorgen f\u00fcr eine optimale Unterst\u00fctzung an den Stellen, an denen Ihr K\u00f6rper sie ben\u00f6tigt, beispielsweise an H\u00fcfte und R\u00fccken. Sie erleben die optimale Entspannung ohne Gegendruck und ohne steigende oder sinkende Temperatur.<\/li>\n<\/ul>\n","protected":false},"excerpt":{"rendered":"<p>Welche Matratze passt zu mir? Bei der Anschaffung einer Matratze ist es wichtig, dass Sie eine Matratze finden, die zu Ihnen passt. Bei Untersuchungen der Verbraucherzentralen hat sich herausgestellt, dass Sie beim Kauf einer Matratze folgende Punkte ber\u00fccksichtigen sollten: Der Bettboden: Wird die Matratze auf einem Spiralboden, einem Lattenrost oder einem Boxspring liegen? Das Material [&hellip;]<\/p>\n","protected":false},"author":5,"featured_media":286,"parent":621,"menu_order":0,"comment_status":"open","ping_status":"closed","template":"","meta":{"_acf_changed":false,"footnotes":""},"class_list":["post-625","page","type-page","status-publish","has-post-thumbnail","hentry"],"acf":[],"yoast_head":"<!-- This site is optimized with the Yoast SEO plugin v24.4 - https:\/\/yoast.com\/wordpress\/plugins\/seo\/ -->\n<title>Matratzen - ClimaComfort<\/title>\n<meta name=\"description\" content=\"Ultiem slaapcomfort is met ClimaComfort binnen handbereik. Optimale slaaptemperatuur, optimale nachtrust. Bestel nu uw ClimaComfort matras, boxspring, of topper.\" \/>\n<meta name=\"robots\" content=\"index, follow, max-snippet:-1, max-image-preview:large, max-video-preview:-1\" \/>\n<link rel=\"canonical\" href=\"https:\/\/www.clima-comfort.com\/de\/produkten\/matratzen\/\" \/>\n<meta property=\"og:locale\" content=\"de_DE\" \/>\n<meta property=\"og:type\" content=\"article\" \/>\n<meta property=\"og:title\" content=\"Matratzen - ClimaComfort\" \/>\n<meta property=\"og:description\" content=\"Ultiem slaapcomfort is met ClimaComfort binnen handbereik. Optimale slaaptemperatuur, optimale nachtrust. Bestel nu uw ClimaComfort matras, boxspring, of topper.\" \/>\n<meta property=\"og:url\" content=\"https:\/\/www.clima-comfort.com\/de\/produkten\/matratzen\/\" \/>\n<meta property=\"og:site_name\" content=\"ClimaComfort\" \/>\n<meta property=\"article:modified_time\" content=\"2015-06-10T13:41:40+00:00\" \/>\n<meta property=\"og:image\" content=\"https:\/\/www.clima-comfort.com\/wp-content\/uploads\/2014\/12\/matras-cc.jpg\" \/>\n\t<meta property=\"og:image:width\" content=\"1200\" \/>\n\t<meta property=\"og:image:height\" content=\"600\" \/>\n\t<meta property=\"og:image:type\" content=\"image\/jpeg\" \/>\n<meta name=\"twitter:label1\" content=\"Gesch\u00e4tzte Lesezeit\" \/>\n\t<meta name=\"twitter:data1\" content=\"3\u00a0Minuten\" \/>\n<script type=\"application\/ld+json\" class=\"yoast-schema-graph\">{\"@context\":\"https:\/\/schema.org\",\"@graph\":[{\"@type\":\"WebPage\",\"@id\":\"https:\/\/www.clima-comfort.com\/de\/produkten\/matratzen\/\",\"url\":\"https:\/\/www.clima-comfort.com\/de\/produkten\/matratzen\/\",\"name\":\"Matratzen - ClimaComfort\",\"isPartOf\":{\"@id\":\"https:\/\/www.clima-comfort.com\/#website\"},\"primaryImageOfPage\":{\"@id\":\"https:\/\/www.clima-comfort.com\/de\/produkten\/matratzen\/#primaryimage\"},\"image\":{\"@id\":\"https:\/\/www.clima-comfort.com\/de\/produkten\/matratzen\/#primaryimage\"},\"thumbnailUrl\":\"https:\/\/www.clima-comfort.com\/wp-content\/uploads\/2014\/12\/matras-cc.jpg\",\"datePublished\":\"2015-05-27T09:01:02+00:00\",\"dateModified\":\"2015-06-10T13:41:40+00:00\",\"description\":\"Ultiem slaapcomfort is met ClimaComfort binnen handbereik. Optimale slaaptemperatuur, optimale nachtrust. Bestel nu uw ClimaComfort matras, boxspring, of topper.\",\"breadcrumb\":{\"@id\":\"https:\/\/www.clima-comfort.com\/de\/produkten\/matratzen\/#breadcrumb\"},\"inLanguage\":\"de\",\"potentialAction\":[{\"@type\":\"ReadAction\",\"target\":[\"https:\/\/www.clima-comfort.com\/de\/produkten\/matratzen\/\"]}]},{\"@type\":\"ImageObject\",\"inLanguage\":\"de\",\"@id\":\"https:\/\/www.clima-comfort.com\/de\/produkten\/matratzen\/#primaryimage\",\"url\":\"https:\/\/www.clima-comfort.com\/wp-content\/uploads\/2014\/12\/matras-cc.jpg\",\"contentUrl\":\"https:\/\/www.clima-comfort.com\/wp-content\/uploads\/2014\/12\/matras-cc.jpg\",\"width\":1200,\"height\":600},{\"@type\":\"BreadcrumbList\",\"@id\":\"https:\/\/www.clima-comfort.com\/de\/produkten\/matratzen\/#breadcrumb\",\"itemListElement\":[{\"@type\":\"ListItem\",\"position\":1,\"name\":\"Home\",\"item\":\"https:\/\/www.clima-comfort.com\/\"},{\"@type\":\"ListItem\",\"position\":2,\"name\":\"Produkten\",\"item\":\"https:\/\/www.clima-comfort.com\/de\/produkten\/\"},{\"@type\":\"ListItem\",\"position\":3,\"name\":\"Matratzen\"}]},{\"@type\":\"WebSite\",\"@id\":\"https:\/\/www.clima-comfort.com\/#website\",\"url\":\"https:\/\/www.clima-comfort.com\/\",\"name\":\"ClimaComfort\",\"description\":\"Matrassen met een uniek gevoel!\",\"potentialAction\":[{\"@type\":\"SearchAction\",\"target\":{\"@type\":\"EntryPoint\",\"urlTemplate\":\"https:\/\/www.clima-comfort.com\/?s={search_term_string}\"},\"query-input\":{\"@type\":\"PropertyValueSpecification\",\"valueRequired\":true,\"valueName\":\"search_term_string\"}}],\"inLanguage\":\"de\"}]}<\/script>\n<!-- \/ Yoast SEO plugin. -->","yoast_head_json":{"title":"Matratzen - ClimaComfort","description":"Ultiem slaapcomfort is met ClimaComfort binnen handbereik. Optimale slaaptemperatuur, optimale nachtrust. Bestel nu uw ClimaComfort matras, boxspring, of topper.","robots":{"index":"index","follow":"follow","max-snippet":"max-snippet:-1","max-image-preview":"max-image-preview:large","max-video-preview":"max-video-preview:-1"},"canonical":"https:\/\/www.clima-comfort.com\/de\/produkten\/matratzen\/","og_locale":"de_DE","og_type":"article","og_title":"Matratzen - ClimaComfort","og_description":"Ultiem slaapcomfort is met ClimaComfort binnen handbereik. Optimale slaaptemperatuur, optimale nachtrust. Bestel nu uw ClimaComfort matras, boxspring, of topper.","og_url":"https:\/\/www.clima-comfort.com\/de\/produkten\/matratzen\/","og_site_name":"ClimaComfort","article_modified_time":"2015-06-10T13:41:40+00:00","og_image":[{"width":1200,"height":600,"url":"https:\/\/www.clima-comfort.com\/wp-content\/uploads\/2014\/12\/matras-cc.jpg","type":"image\/jpeg"}],"twitter_misc":{"Gesch\u00e4tzte Lesezeit":"3\u00a0Minuten"},"schema":{"@context":"https:\/\/schema.org","@graph":[{"@type":"WebPage","@id":"https:\/\/www.clima-comfort.com\/de\/produkten\/matratzen\/","url":"https:\/\/www.clima-comfort.com\/de\/produkten\/matratzen\/","name":"Matratzen - ClimaComfort","isPartOf":{"@id":"https:\/\/www.clima-comfort.com\/#website"},"primaryImageOfPage":{"@id":"https:\/\/www.clima-comfort.com\/de\/produkten\/matratzen\/#primaryimage"},"image":{"@id":"https:\/\/www.clima-comfort.com\/de\/produkten\/matratzen\/#primaryimage"},"thumbnailUrl":"https:\/\/www.clima-comfort.com\/wp-content\/uploads\/2014\/12\/matras-cc.jpg","datePublished":"2015-05-27T09:01:02+00:00","dateModified":"2015-06-10T13:41:40+00:00","description":"Ultiem slaapcomfort is met ClimaComfort binnen handbereik. Optimale slaaptemperatuur, optimale nachtrust. Bestel nu uw ClimaComfort matras, boxspring, of topper.","breadcrumb":{"@id":"https:\/\/www.clima-comfort.com\/de\/produkten\/matratzen\/#breadcrumb"},"inLanguage":"de","potentialAction":[{"@type":"ReadAction","target":["https:\/\/www.clima-comfort.com\/de\/produkten\/matratzen\/"]}]},{"@type":"ImageObject","inLanguage":"de","@id":"https:\/\/www.clima-comfort.com\/de\/produkten\/matratzen\/#primaryimage","url":"https:\/\/www.clima-comfort.com\/wp-content\/uploads\/2014\/12\/matras-cc.jpg","contentUrl":"https:\/\/www.clima-comfort.com\/wp-content\/uploads\/2014\/12\/matras-cc.jpg","width":1200,"height":600},{"@type":"BreadcrumbList","@id":"https:\/\/www.clima-comfort.com\/de\/produkten\/matratzen\/#breadcrumb","itemListElement":[{"@type":"ListItem","position":1,"name":"Home","item":"https:\/\/www.clima-comfort.com\/"},{"@type":"ListItem","position":2,"name":"Produkten","item":"https:\/\/www.clima-comfort.com\/de\/produkten\/"},{"@type":"ListItem","position":3,"name":"Matratzen"}]},{"@type":"WebSite","@id":"https:\/\/www.clima-comfort.com\/#website","url":"https:\/\/www.clima-comfort.com\/","name":"ClimaComfort","description":"Matrassen met een uniek gevoel!","potentialAction":[{"@type":"SearchAction","target":{"@type":"EntryPoint","urlTemplate":"https:\/\/www.clima-comfort.com\/?s={search_term_string}"},"query-input":{"@type":"PropertyValueSpecification","valueRequired":true,"valueName":"search_term_string"}}],"inLanguage":"de"}]}},"_links":{"self":[{"href":"https:\/\/www.clima-comfort.com\/de\/wp-json\/wp\/v2\/pages\/625","targetHints":{"allow":["GET"]}}],"collection":[{"href":"https:\/\/www.clima-comfort.com\/de\/wp-json\/wp\/v2\/pages"}],"about":[{"href":"https:\/\/www.clima-comfort.com\/de\/wp-json\/wp\/v2\/types\/page"}],"author":[{"embeddable":true,"href":"https:\/\/www.clima-comfort.com\/de\/wp-json\/wp\/v2\/users\/5"}],"replies":[{"embeddable":true,"href":"https:\/\/www.clima-comfort.com\/de\/wp-json\/wp\/v2\/comments?post=625"}],"version-history":[{"count":5,"href":"https:\/\/www.clima-comfort.com\/de\/wp-json\/wp\/v2\/pages\/625\/revisions"}],"predecessor-version":[{"id":839,"href":"https:\/\/www.clima-comfort.com\/de\/wp-json\/wp\/v2\/pages\/625\/revisions\/839"}],"up":[{"embeddable":true,"href":"https:\/\/www.clima-comfort.com\/de\/wp-json\/wp\/v2\/pages\/621"}],"wp:featuredmedia":[{"embeddable":true,"href":"https:\/\/www.clima-comfort.com\/de\/wp-json\/wp\/v2\/media\/286"}],"wp:attachment":[{"href":"https:\/\/www.clima-comfort.com\/de\/wp-json\/wp\/v2\/media?parent=625"}],"curies":[{"name":"wp","href":"https:\/\/api.w.org\/{rel}","templated":true}]}}