{"id":631,"date":"2015-05-27T10:03:03","date_gmt":"2015-05-27T09:03:03","guid":{"rendered":"http:\/\/comclimacom-hodu.savviihq.com\/?page_id=631"},"modified":"2015-06-11T14:10:39","modified_gmt":"2015-06-11T13:10:39","slug":"service","status":"publish","type":"page","link":"https:\/\/www.clima-comfort.com\/de\/service\/","title":{"rendered":"Service"},"content":{"rendered":"<p><span lang=\"DE\">Der beste Service \u2013 jederzeit und \u00fcberall. ClimaComfort-Service bedeutet nicht nur, dass wir uns um eine optimale, komfortable und klimaregulierende Nachtruhe f\u00fcr alle unsere Kunden bem\u00fchen. Wir finden es zudem wichtig, Ihren W\u00fcnschen so weit wie m\u00f6glich entgegenzukommen. ClimaComfort legt gro\u00dfen Wert auf einen guten Service und steht daher jederzeit zur Verf\u00fcgung, um alle Ihre <a href=\"https:\/\/clima-comfort.com\/contact\/\" target=\"_blank\">Fragen<\/a> zu beantworten.<\/span><\/p>\n<h2><span lang=\"DE\">Gute Nachtruhe, bester Service<\/span><\/h2>\n<p><span lang=\"DE\">Um eine gute Nachtruhe sicherzustellen und den besten ClimaComfort-Service zu erleben, besuchen Sie einen der zuverl\u00e4ssigen ClimaComfort-<a title=\"Verkoopadressen\" href=\"https:\/\/clima-comfort.com\/verkoopadressen\/\" target=\"_blank\">Schlafberater<\/a>\u00a0in Ihrer N\u00e4he!<\/span><\/p>\n","protected":false},"excerpt":{"rendered":"<p>Der beste Service \u2013 jederzeit und \u00fcberall. ClimaComfort-Service bedeutet nicht nur, dass wir uns um eine optimale, komfortable und klimaregulierende Nachtruhe f\u00fcr alle unsere Kunden bem\u00fchen. Wir finden es zudem wichtig, Ihren W\u00fcnschen so weit wie m\u00f6glich entgegenzukommen. ClimaComfort legt gro\u00dfen Wert auf einen guten Service und steht daher jederzeit zur Verf\u00fcgung, um alle Ihre [&hellip;]<\/p>\n","protected":false},"author":5,"featured_media":0,"parent":0,"menu_order":0,"comment_status":"open","ping_status":"open","template":"","meta":{"_acf_changed":false,"footnotes":""},"class_list":["post-631","page","type-page","status-publish","hentry"],"acf":[],"yoast_head":"<!-- This site is optimized with the Yoast SEO plugin v24.4 - https:\/\/yoast.com\/wordpress\/plugins\/seo\/ -->\n<title>Service - ClimaComfort<\/title>\n<meta name=\"description\" content=\"Ultiem slaapcomfort is met ClimaComfort binnen handbereik. Optimale slaaptemperatuur, optimale nachtrust. Bestel nu uw ClimaComfort matras, boxspring, of topper.\" \/>\n<meta name=\"robots\" content=\"index, follow, max-snippet:-1, max-image-preview:large, max-video-preview:-1\" \/>\n<link rel=\"canonical\" href=\"https:\/\/www.clima-comfort.com\/de\/service\/\" \/>\n<meta property=\"og:locale\" content=\"de_DE\" \/>\n<meta property=\"og:type\" content=\"article\" \/>\n<meta property=\"og:title\" content=\"Service - ClimaComfort\" \/>\n<meta property=\"og:description\" content=\"Ultiem slaapcomfort is met ClimaComfort binnen handbereik. Optimale slaaptemperatuur, optimale nachtrust. Bestel nu uw ClimaComfort matras, boxspring, of topper.\" \/>\n<meta property=\"og:url\" content=\"https:\/\/www.clima-comfort.com\/de\/service\/\" \/>\n<meta property=\"og:site_name\" content=\"ClimaComfort\" \/>\n<meta property=\"article:modified_time\" content=\"2015-06-11T13:10:39+00:00\" \/>\n<script type=\"application\/ld+json\" class=\"yoast-schema-graph\">{\"@context\":\"https:\/\/schema.org\",\"@graph\":[{\"@type\":\"WebPage\",\"@id\":\"https:\/\/www.clima-comfort.com\/de\/service\/\",\"url\":\"https:\/\/www.clima-comfort.com\/de\/service\/\",\"name\":\"Service - ClimaComfort\",\"isPartOf\":{\"@id\":\"https:\/\/www.clima-comfort.com\/#website\"},\"datePublished\":\"2015-05-27T09:03:03+00:00\",\"dateModified\":\"2015-06-11T13:10:39+00:00\",\"description\":\"Ultiem slaapcomfort is met ClimaComfort binnen handbereik. Optimale slaaptemperatuur, optimale nachtrust. Bestel nu uw ClimaComfort matras, boxspring, of topper.\",\"breadcrumb\":{\"@id\":\"https:\/\/www.clima-comfort.com\/de\/service\/#breadcrumb\"},\"inLanguage\":\"de\",\"potentialAction\":[{\"@type\":\"ReadAction\",\"target\":[\"https:\/\/www.clima-comfort.com\/de\/service\/\"]}]},{\"@type\":\"BreadcrumbList\",\"@id\":\"https:\/\/www.clima-comfort.com\/de\/service\/#breadcrumb\",\"itemListElement\":[{\"@type\":\"ListItem\",\"position\":1,\"name\":\"Home\",\"item\":\"https:\/\/www.clima-comfort.com\/\"},{\"@type\":\"ListItem\",\"position\":2,\"name\":\"Service\"}]},{\"@type\":\"WebSite\",\"@id\":\"https:\/\/www.clima-comfort.com\/#website\",\"url\":\"https:\/\/www.clima-comfort.com\/\",\"name\":\"ClimaComfort\",\"description\":\"Matrassen met een uniek gevoel!\",\"potentialAction\":[{\"@type\":\"SearchAction\",\"target\":{\"@type\":\"EntryPoint\",\"urlTemplate\":\"https:\/\/www.clima-comfort.com\/?s={search_term_string}\"},\"query-input\":{\"@type\":\"PropertyValueSpecification\",\"valueRequired\":true,\"valueName\":\"search_term_string\"}}],\"inLanguage\":\"de\"}]}<\/script>\n<!-- \/ Yoast SEO plugin. -->","yoast_head_json":{"title":"Service - ClimaComfort","description":"Ultiem slaapcomfort is met ClimaComfort binnen handbereik. Optimale slaaptemperatuur, optimale nachtrust. Bestel nu uw ClimaComfort matras, boxspring, of topper.","robots":{"index":"index","follow":"follow","max-snippet":"max-snippet:-1","max-image-preview":"max-image-preview:large","max-video-preview":"max-video-preview:-1"},"canonical":"https:\/\/www.clima-comfort.com\/de\/service\/","og_locale":"de_DE","og_type":"article","og_title":"Service - ClimaComfort","og_description":"Ultiem slaapcomfort is met ClimaComfort binnen handbereik. Optimale slaaptemperatuur, optimale nachtrust. Bestel nu uw ClimaComfort matras, boxspring, of topper.","og_url":"https:\/\/www.clima-comfort.com\/de\/service\/","og_site_name":"ClimaComfort","article_modified_time":"2015-06-11T13:10:39+00:00","schema":{"@context":"https:\/\/schema.org","@graph":[{"@type":"WebPage","@id":"https:\/\/www.clima-comfort.com\/de\/service\/","url":"https:\/\/www.clima-comfort.com\/de\/service\/","name":"Service - ClimaComfort","isPartOf":{"@id":"https:\/\/www.clima-comfort.com\/#website"},"datePublished":"2015-05-27T09:03:03+00:00","dateModified":"2015-06-11T13:10:39+00:00","description":"Ultiem slaapcomfort is met ClimaComfort binnen handbereik. Optimale slaaptemperatuur, optimale nachtrust. Bestel nu uw ClimaComfort matras, boxspring, of topper.","breadcrumb":{"@id":"https:\/\/www.clima-comfort.com\/de\/service\/#breadcrumb"},"inLanguage":"de","potentialAction":[{"@type":"ReadAction","target":["https:\/\/www.clima-comfort.com\/de\/service\/"]}]},{"@type":"BreadcrumbList","@id":"https:\/\/www.clima-comfort.com\/de\/service\/#breadcrumb","itemListElement":[{"@type":"ListItem","position":1,"name":"Home","item":"https:\/\/www.clima-comfort.com\/"},{"@type":"ListItem","position":2,"name":"Service"}]},{"@type":"WebSite","@id":"https:\/\/www.clima-comfort.com\/#website","url":"https:\/\/www.clima-comfort.com\/","name":"ClimaComfort","description":"Matrassen met een uniek gevoel!","potentialAction":[{"@type":"SearchAction","target":{"@type":"EntryPoint","urlTemplate":"https:\/\/www.clima-comfort.com\/?s={search_term_string}"},"query-input":{"@type":"PropertyValueSpecification","valueRequired":true,"valueName":"search_term_string"}}],"inLanguage":"de"}]}},"_links":{"self":[{"href":"https:\/\/www.clima-comfort.com\/de\/wp-json\/wp\/v2\/pages\/631","targetHints":{"allow":["GET"]}}],"collection":[{"href":"https:\/\/www.clima-comfort.com\/de\/wp-json\/wp\/v2\/pages"}],"about":[{"href":"https:\/\/www.clima-comfort.com\/de\/wp-json\/wp\/v2\/types\/page"}],"author":[{"embeddable":true,"href":"https:\/\/www.clima-comfort.com\/de\/wp-json\/wp\/v2\/users\/5"}],"replies":[{"embeddable":true,"href":"https:\/\/www.clima-comfort.com\/de\/wp-json\/wp\/v2\/comments?post=631"}],"version-history":[{"count":2,"href":"https:\/\/www.clima-comfort.com\/de\/wp-json\/wp\/v2\/pages\/631\/revisions"}],"predecessor-version":[{"id":693,"href":"https:\/\/www.clima-comfort.com\/de\/wp-json\/wp\/v2\/pages\/631\/revisions\/693"}],"wp:attachment":[{"href":"https:\/\/www.clima-comfort.com\/de\/wp-json\/wp\/v2\/media?parent=631"}],"curies":[{"name":"wp","href":"https:\/\/api.w.org\/{rel}","templated":true}]}}