{"id":635,"date":"2015-05-27T10:03:46","date_gmt":"2015-05-27T09:03:46","guid":{"rendered":"http:\/\/comclimacom-hodu.savviihq.com\/?page_id=635"},"modified":"2015-06-11T09:12:38","modified_gmt":"2015-06-11T08:12:38","slug":"swiss-technology-inside","status":"publish","type":"page","link":"https:\/\/www.clima-comfort.com\/de\/swiss-technology-inside\/","title":{"rendered":"Swiss technology inside"},"content":{"rendered":"<p><strong>Swiss Technology inside<\/strong><\/p>\n<p>ClimaComfort entspricht dem h\u00f6chsten Standard schweizerischer Technologie. Die Kombination dreier revolution\u00e4rer Schaumstoffarten (EvoPore\u00ae, Viscopore\u00ae und <a href=\"https:\/\/clima-comfort.com\/climacomfort\/climafoam\/\">CLIMAFOAM\u00ae<\/a>) wurde in der Schweiz entwickelt und bis ins kleinste Detail getestet, bevor sie in den ClimaComfort-<a href=\"https:\/\/clima-comfort.com\/producten\/matrassen\/\">Matratzen<\/a> Anwendung fand. Kurz gesagt: Swiss Technology inside.<\/p>\n<p><strong>Erste Wahl f\u00fcr Schlafkomfort<\/strong><\/p>\n<p>Die Entwicklung dieses hochwertigen Matratzenschaumstoffs erfolgte in der Schweiz, die f\u00fcr ihre \u00e4u\u00dferst sorgf\u00e4ltigen und revolution\u00e4ren Produktionsmethoden bekannt ist. ClimaComfort verlangt dabei detaillierte Testverfahren und gibt sich nur mit einem perfekten Ergebnis zufrieden.<\/p>\n<p>Aus diesem Grund sind unsere Matratzen Ihre erste Wahl f\u00fcr einen besseren Schlafkomfort.<\/p>\n","protected":false},"excerpt":{"rendered":"<p>Swiss Technology inside ClimaComfort entspricht dem h\u00f6chsten Standard schweizerischer Technologie. Die Kombination dreier revolution\u00e4rer Schaumstoffarten (EvoPore\u00ae, Viscopore\u00ae und CLIMAFOAM\u00ae) wurde in der Schweiz entwickelt und bis ins kleinste Detail getestet, bevor sie in den ClimaComfort-Matratzen Anwendung fand. Kurz gesagt: Swiss Technology inside. Erste Wahl f\u00fcr Schlafkomfort Die Entwicklung dieses hochwertigen Matratzenschaumstoffs erfolgte in der Schweiz, [&hellip;]<\/p>\n","protected":false},"author":5,"featured_media":207,"parent":0,"menu_order":0,"comment_status":"open","ping_status":"open","template":"","meta":{"_acf_changed":false,"footnotes":""},"class_list":["post-635","page","type-page","status-publish","has-post-thumbnail","hentry"],"acf":[],"yoast_head":"<!-- This site is optimized with the Yoast SEO plugin v24.4 - https:\/\/yoast.com\/wordpress\/plugins\/seo\/ -->\n<title>Swiss technology inside - ClimaComfort<\/title>\n<meta name=\"description\" content=\"Ultiem slaapcomfort is met ClimaComfort binnen handbereik. Optimale slaaptemperatuur, optimale nachtrust. Bestel nu uw ClimaComfort matras, boxspring, of topper.\" \/>\n<meta name=\"robots\" content=\"index, follow, max-snippet:-1, max-image-preview:large, max-video-preview:-1\" \/>\n<link rel=\"canonical\" href=\"https:\/\/www.clima-comfort.com\/de\/swiss-technology-inside\/\" \/>\n<meta property=\"og:locale\" content=\"de_DE\" \/>\n<meta property=\"og:type\" content=\"article\" \/>\n<meta property=\"og:title\" content=\"Swiss technology inside - ClimaComfort\" \/>\n<meta property=\"og:description\" content=\"Ultiem slaapcomfort is met ClimaComfort binnen handbereik. Optimale slaaptemperatuur, optimale nachtrust. Bestel nu uw ClimaComfort matras, boxspring, of topper.\" \/>\n<meta property=\"og:url\" content=\"https:\/\/www.clima-comfort.com\/de\/swiss-technology-inside\/\" \/>\n<meta property=\"og:site_name\" content=\"ClimaComfort\" \/>\n<meta property=\"article:modified_time\" content=\"2015-06-11T08:12:38+00:00\" \/>\n<meta property=\"og:image\" content=\"https:\/\/www.clima-comfort.com\/wp-content\/uploads\/2014\/12\/header-swiss-technology.jpg\" \/>\n\t<meta property=\"og:image:width\" content=\"1300\" \/>\n\t<meta property=\"og:image:height\" content=\"352\" \/>\n\t<meta property=\"og:image:type\" content=\"image\/jpeg\" \/>\n<meta name=\"twitter:label1\" content=\"Gesch\u00e4tzte Lesezeit\" \/>\n\t<meta name=\"twitter:data1\" content=\"1\u00a0Minute\" \/>\n<script type=\"application\/ld+json\" class=\"yoast-schema-graph\">{\"@context\":\"https:\/\/schema.org\",\"@graph\":[{\"@type\":\"WebPage\",\"@id\":\"https:\/\/www.clima-comfort.com\/de\/swiss-technology-inside\/\",\"url\":\"https:\/\/www.clima-comfort.com\/de\/swiss-technology-inside\/\",\"name\":\"Swiss technology inside - ClimaComfort\",\"isPartOf\":{\"@id\":\"https:\/\/www.clima-comfort.com\/#website\"},\"primaryImageOfPage\":{\"@id\":\"https:\/\/www.clima-comfort.com\/de\/swiss-technology-inside\/#primaryimage\"},\"image\":{\"@id\":\"https:\/\/www.clima-comfort.com\/de\/swiss-technology-inside\/#primaryimage\"},\"thumbnailUrl\":\"https:\/\/www.clima-comfort.com\/wp-content\/uploads\/2014\/12\/header-swiss-technology.jpg\",\"datePublished\":\"2015-05-27T09:03:46+00:00\",\"dateModified\":\"2015-06-11T08:12:38+00:00\",\"description\":\"Ultiem slaapcomfort is met ClimaComfort binnen handbereik. Optimale slaaptemperatuur, optimale nachtrust. Bestel nu uw ClimaComfort matras, boxspring, of topper.\",\"breadcrumb\":{\"@id\":\"https:\/\/www.clima-comfort.com\/de\/swiss-technology-inside\/#breadcrumb\"},\"inLanguage\":\"de\",\"potentialAction\":[{\"@type\":\"ReadAction\",\"target\":[\"https:\/\/www.clima-comfort.com\/de\/swiss-technology-inside\/\"]}]},{\"@type\":\"ImageObject\",\"inLanguage\":\"de\",\"@id\":\"https:\/\/www.clima-comfort.com\/de\/swiss-technology-inside\/#primaryimage\",\"url\":\"https:\/\/www.clima-comfort.com\/wp-content\/uploads\/2014\/12\/header-swiss-technology.jpg\",\"contentUrl\":\"https:\/\/www.clima-comfort.com\/wp-content\/uploads\/2014\/12\/header-swiss-technology.jpg\",\"width\":1300,\"height\":352},{\"@type\":\"BreadcrumbList\",\"@id\":\"https:\/\/www.clima-comfort.com\/de\/swiss-technology-inside\/#breadcrumb\",\"itemListElement\":[{\"@type\":\"ListItem\",\"position\":1,\"name\":\"Home\",\"item\":\"https:\/\/www.clima-comfort.com\/\"},{\"@type\":\"ListItem\",\"position\":2,\"name\":\"Swiss technology inside\"}]},{\"@type\":\"WebSite\",\"@id\":\"https:\/\/www.clima-comfort.com\/#website\",\"url\":\"https:\/\/www.clima-comfort.com\/\",\"name\":\"ClimaComfort\",\"description\":\"Matrassen met een uniek gevoel!\",\"potentialAction\":[{\"@type\":\"SearchAction\",\"target\":{\"@type\":\"EntryPoint\",\"urlTemplate\":\"https:\/\/www.clima-comfort.com\/?s={search_term_string}\"},\"query-input\":{\"@type\":\"PropertyValueSpecification\",\"valueRequired\":true,\"valueName\":\"search_term_string\"}}],\"inLanguage\":\"de\"}]}<\/script>\n<!-- \/ Yoast SEO plugin. -->","yoast_head_json":{"title":"Swiss technology inside - ClimaComfort","description":"Ultiem slaapcomfort is met ClimaComfort binnen handbereik. Optimale slaaptemperatuur, optimale nachtrust. Bestel nu uw ClimaComfort matras, boxspring, of topper.","robots":{"index":"index","follow":"follow","max-snippet":"max-snippet:-1","max-image-preview":"max-image-preview:large","max-video-preview":"max-video-preview:-1"},"canonical":"https:\/\/www.clima-comfort.com\/de\/swiss-technology-inside\/","og_locale":"de_DE","og_type":"article","og_title":"Swiss technology inside - ClimaComfort","og_description":"Ultiem slaapcomfort is met ClimaComfort binnen handbereik. Optimale slaaptemperatuur, optimale nachtrust. Bestel nu uw ClimaComfort matras, boxspring, of topper.","og_url":"https:\/\/www.clima-comfort.com\/de\/swiss-technology-inside\/","og_site_name":"ClimaComfort","article_modified_time":"2015-06-11T08:12:38+00:00","og_image":[{"width":1300,"height":352,"url":"https:\/\/www.clima-comfort.com\/wp-content\/uploads\/2014\/12\/header-swiss-technology.jpg","type":"image\/jpeg"}],"twitter_misc":{"Gesch\u00e4tzte Lesezeit":"1\u00a0Minute"},"schema":{"@context":"https:\/\/schema.org","@graph":[{"@type":"WebPage","@id":"https:\/\/www.clima-comfort.com\/de\/swiss-technology-inside\/","url":"https:\/\/www.clima-comfort.com\/de\/swiss-technology-inside\/","name":"Swiss technology inside - ClimaComfort","isPartOf":{"@id":"https:\/\/www.clima-comfort.com\/#website"},"primaryImageOfPage":{"@id":"https:\/\/www.clima-comfort.com\/de\/swiss-technology-inside\/#primaryimage"},"image":{"@id":"https:\/\/www.clima-comfort.com\/de\/swiss-technology-inside\/#primaryimage"},"thumbnailUrl":"https:\/\/www.clima-comfort.com\/wp-content\/uploads\/2014\/12\/header-swiss-technology.jpg","datePublished":"2015-05-27T09:03:46+00:00","dateModified":"2015-06-11T08:12:38+00:00","description":"Ultiem slaapcomfort is met ClimaComfort binnen handbereik. Optimale slaaptemperatuur, optimale nachtrust. Bestel nu uw ClimaComfort matras, boxspring, of topper.","breadcrumb":{"@id":"https:\/\/www.clima-comfort.com\/de\/swiss-technology-inside\/#breadcrumb"},"inLanguage":"de","potentialAction":[{"@type":"ReadAction","target":["https:\/\/www.clima-comfort.com\/de\/swiss-technology-inside\/"]}]},{"@type":"ImageObject","inLanguage":"de","@id":"https:\/\/www.clima-comfort.com\/de\/swiss-technology-inside\/#primaryimage","url":"https:\/\/www.clima-comfort.com\/wp-content\/uploads\/2014\/12\/header-swiss-technology.jpg","contentUrl":"https:\/\/www.clima-comfort.com\/wp-content\/uploads\/2014\/12\/header-swiss-technology.jpg","width":1300,"height":352},{"@type":"BreadcrumbList","@id":"https:\/\/www.clima-comfort.com\/de\/swiss-technology-inside\/#breadcrumb","itemListElement":[{"@type":"ListItem","position":1,"name":"Home","item":"https:\/\/www.clima-comfort.com\/"},{"@type":"ListItem","position":2,"name":"Swiss technology inside"}]},{"@type":"WebSite","@id":"https:\/\/www.clima-comfort.com\/#website","url":"https:\/\/www.clima-comfort.com\/","name":"ClimaComfort","description":"Matrassen met een uniek gevoel!","potentialAction":[{"@type":"SearchAction","target":{"@type":"EntryPoint","urlTemplate":"https:\/\/www.clima-comfort.com\/?s={search_term_string}"},"query-input":{"@type":"PropertyValueSpecification","valueRequired":true,"valueName":"search_term_string"}}],"inLanguage":"de"}]}},"_links":{"self":[{"href":"https:\/\/www.clima-comfort.com\/de\/wp-json\/wp\/v2\/pages\/635","targetHints":{"allow":["GET"]}}],"collection":[{"href":"https:\/\/www.clima-comfort.com\/de\/wp-json\/wp\/v2\/pages"}],"about":[{"href":"https:\/\/www.clima-comfort.com\/de\/wp-json\/wp\/v2\/types\/page"}],"author":[{"embeddable":true,"href":"https:\/\/www.clima-comfort.com\/de\/wp-json\/wp\/v2\/users\/5"}],"replies":[{"embeddable":true,"href":"https:\/\/www.clima-comfort.com\/de\/wp-json\/wp\/v2\/comments?post=635"}],"version-history":[{"count":2,"href":"https:\/\/www.clima-comfort.com\/de\/wp-json\/wp\/v2\/pages\/635\/revisions"}],"predecessor-version":[{"id":702,"href":"https:\/\/www.clima-comfort.com\/de\/wp-json\/wp\/v2\/pages\/635\/revisions\/702"}],"wp:featuredmedia":[{"embeddable":true,"href":"https:\/\/www.clima-comfort.com\/de\/wp-json\/wp\/v2\/media\/207"}],"wp:attachment":[{"href":"https:\/\/www.clima-comfort.com\/de\/wp-json\/wp\/v2\/media?parent=635"}],"curies":[{"name":"wp","href":"https:\/\/api.w.org\/{rel}","templated":true}]}}