{"id":641,"date":"2015-05-27T10:07:50","date_gmt":"2015-05-27T09:07:50","guid":{"rendered":"http:\/\/comclimacom-hodu.savviihq.com\/?post_type=product&#038;p=641"},"modified":"2017-03-08T14:56:29","modified_gmt":"2017-03-08T13:56:29","slug":"climacomfort-boxspring","status":"publish","type":"product","link":"https:\/\/www.clima-comfort.com\/de\/product\/climacomfort-boxspring\/","title":{"rendered":"ClimaComfort-Boxspring"},"content":{"rendered":"<p>Ein Boxspring mit einzigartigen Eigenschaften und stilvoller Formgebung. Durch die integrierte Matratze haben Sie kein Problem mit zwei separaten Teilen, die sich \u00fcbereinanderschieben. Sie brauchen also keine Antislip-Matratzenunterlage zu kaufen und auch Fu\u00dfb\u00fcgel sind \u00fcberfl\u00fcssig. Die schmale Unterkante des Boxsprings, die handgefertigte Polsterung und die integrierten Komponenten geben dem Boxspring eine klare Silhouette.<\/p>\n<p>Die Taschenfederung hat sieben Komfortzonen, die Schultern, unteren R\u00fccken und H\u00fcften optimal st\u00fctzen. Die Matratze wird abgedeckt mit einem druckmindernden, viskoelastischen Schaumstoff mit ausgezeichneten L\u00fcftungseigenschaften. Er passt sich Ihrem K\u00f6rper an, wodurch Sie schneller die richtige Liegestellung finden, sich weniger drehen und weniger oft wach werden. Der ClimaComfort-Topper ist mit dem revolution\u00e4ren <a href=\"https:\/\/clima-comfort.com\/climacomfort\/climafoam\/\">CLIMAFOAM<sup>\u00ae<\/sup><\/a>-Schaumstoff mit einzigartigen klimaregulierenden Eigenschaften f\u00fcr ein ideales Schlafklima ausgestattet.<\/p>\n<p>Der sogenannte Spiegel des Boxsprings und der Bezug des Toppers haben ein Thermo-Gel<sup>\u00ae<\/sup>-Finish. Thermo-Gel<sup>\u00ae<\/sup> ist zu 100 Prozent biologisch abbaubar, also umweltfreundlich. Es reagiert gezielt, wenn K\u00f6rpertemperatur und\/oder Feuchtigkeitsgehalt es erforderlich machen. Dabei variiert der K\u00fchlungseffekt von 0,5 bis 4 Grad Celsius. Das Thermo-Gel im Bezug in Kombination mit <a href=\"https:\/\/clima-comfort.com\/climacomfort\/climafoam\/\">CLIMAFOAM<sup>\u00ae<\/sup><\/a> im Topper selbst sorgen f\u00fcr ein herrliches Schlafklima. Der Bezug ist abnehmbar und leicht zu reinigen, wobei die einzigartigen Eigenschaften des Thermo-Gels<sup>\u00ae<\/sup> erhalten bleiben.<\/p>\n<p>Erleben Sie es selbst. Testen Sie unser Boxspring bei einem ClimaComfort-<a href=\"https:\/\/clima-comfort.com\/verkoopadressen\/\">Schlafberater<\/a> in Ihrer N\u00e4he.<\/p>\n","protected":false},"excerpt":{"rendered":"<p>Ein Boxspring mit einzigartigen Eigenschaften und stilvoller Formgebung. Durch die integrierte Matratze haben Sie kein Problem mit zwei separaten Teilen, die sich \u00fcbereinanderschieben. Sie brauchen also keine Antislip-Matratzenunterlage zu kaufen und auch Fu\u00dfb\u00fcgel sind \u00fcberfl\u00fcssig. Die schmale Unterkante des Boxsprings, die handgefertigte Polsterung und die integrierten Komponenten geben dem Boxspring eine klare Silhouette. Die Taschenfederung [&hellip;]<\/p>\n","protected":false},"featured_media":1857,"comment_status":"open","ping_status":"closed","template":"","meta":{"_acf_changed":false},"product_brand":[],"product_cat":[9],"product_tag":[],"class_list":{"0":"post-641","1":"product","2":"type-product","3":"status-publish","4":"has-post-thumbnail","6":"product_cat-boxsprings","8":"first","9":"instock","10":"shipping-taxable","11":"purchasable","12":"product-type-simple"},"acf":[],"yoast_head":"<!-- This site is optimized with the Yoast SEO plugin v24.4 - https:\/\/yoast.com\/wordpress\/plugins\/seo\/ -->\n<title>ClimaComfort-Boxspring - ClimaComfort<\/title>\n<meta name=\"description\" content=\"ClimaComfort matrassen bieden ultiem en betaalbaar slaapcomfort . Bestel hier snel uw voordelige, klimatiserende schuimmatrassen.\" \/>\n<meta name=\"robots\" content=\"index, follow, max-snippet:-1, max-image-preview:large, max-video-preview:-1\" \/>\n<link rel=\"canonical\" href=\"https:\/\/www.clima-comfort.com\/de\/product\/climacomfort-boxspring\/\" \/>\n<meta property=\"og:locale\" content=\"de_DE\" \/>\n<meta property=\"og:type\" content=\"article\" \/>\n<meta property=\"og:title\" content=\"ClimaComfort-Boxspring - ClimaComfort\" \/>\n<meta property=\"og:description\" content=\"ClimaComfort matrassen bieden ultiem en betaalbaar slaapcomfort . Bestel hier snel uw voordelige, klimatiserende schuimmatrassen.\" \/>\n<meta property=\"og:url\" content=\"https:\/\/www.clima-comfort.com\/de\/product\/climacomfort-boxspring\/\" \/>\n<meta property=\"og:site_name\" content=\"ClimaComfort\" \/>\n<meta property=\"article:modified_time\" content=\"2017-03-08T13:56:29+00:00\" \/>\n<meta property=\"og:image\" content=\"https:\/\/www.clima-comfort.com\/wp-content\/uploads\/2017\/03\/CBE8000.jpg\" \/>\n\t<meta property=\"og:image:width\" content=\"1701\" \/>\n\t<meta property=\"og:image:height\" content=\"1134\" \/>\n\t<meta property=\"og:image:type\" content=\"image\/jpeg\" \/>\n<meta name=\"twitter:label1\" content=\"Gesch\u00e4tzte Lesezeit\" \/>\n\t<meta name=\"twitter:data1\" content=\"1\u00a0Minute\" \/>\n<script type=\"application\/ld+json\" class=\"yoast-schema-graph\">{\"@context\":\"https:\/\/schema.org\",\"@graph\":[{\"@type\":\"WebPage\",\"@id\":\"https:\/\/www.clima-comfort.com\/de\/product\/climacomfort-boxspring\/\",\"url\":\"https:\/\/www.clima-comfort.com\/de\/product\/climacomfort-boxspring\/\",\"name\":\"ClimaComfort-Boxspring - ClimaComfort\",\"isPartOf\":{\"@id\":\"https:\/\/www.clima-comfort.com\/#website\"},\"primaryImageOfPage\":{\"@id\":\"https:\/\/www.clima-comfort.com\/de\/product\/climacomfort-boxspring\/#primaryimage\"},\"image\":{\"@id\":\"https:\/\/www.clima-comfort.com\/de\/product\/climacomfort-boxspring\/#primaryimage\"},\"thumbnailUrl\":\"https:\/\/www.clima-comfort.com\/wp-content\/uploads\/2017\/03\/CBE8000.jpg\",\"datePublished\":\"2015-05-27T09:07:50+00:00\",\"dateModified\":\"2017-03-08T13:56:29+00:00\",\"description\":\"ClimaComfort matrassen bieden ultiem en betaalbaar slaapcomfort . Bestel hier snel uw voordelige, klimatiserende schuimmatrassen.\",\"breadcrumb\":{\"@id\":\"https:\/\/www.clima-comfort.com\/de\/product\/climacomfort-boxspring\/#breadcrumb\"},\"inLanguage\":\"de\",\"potentialAction\":[{\"@type\":\"ReadAction\",\"target\":[\"https:\/\/www.clima-comfort.com\/de\/product\/climacomfort-boxspring\/\"]}]},{\"@type\":\"ImageObject\",\"inLanguage\":\"de\",\"@id\":\"https:\/\/www.clima-comfort.com\/de\/product\/climacomfort-boxspring\/#primaryimage\",\"url\":\"https:\/\/www.clima-comfort.com\/wp-content\/uploads\/2017\/03\/CBE8000.jpg\",\"contentUrl\":\"https:\/\/www.clima-comfort.com\/wp-content\/uploads\/2017\/03\/CBE8000.jpg\",\"width\":1701,\"height\":1134},{\"@type\":\"BreadcrumbList\",\"@id\":\"https:\/\/www.clima-comfort.com\/de\/product\/climacomfort-boxspring\/#breadcrumb\",\"itemListElement\":[{\"@type\":\"ListItem\",\"position\":1,\"name\":\"Home\",\"item\":\"https:\/\/www.clima-comfort.com\/\"},{\"@type\":\"ListItem\",\"position\":2,\"name\":\"Producten\",\"item\":\"https:\/\/www.clima-comfort.com\/producten\/\"},{\"@type\":\"ListItem\",\"position\":3,\"name\":\"ClimaComfort-Boxspring\"}]},{\"@type\":\"WebSite\",\"@id\":\"https:\/\/www.clima-comfort.com\/#website\",\"url\":\"https:\/\/www.clima-comfort.com\/\",\"name\":\"ClimaComfort\",\"description\":\"Matrassen met een uniek gevoel!\",\"potentialAction\":[{\"@type\":\"SearchAction\",\"target\":{\"@type\":\"EntryPoint\",\"urlTemplate\":\"https:\/\/www.clima-comfort.com\/?s={search_term_string}\"},\"query-input\":{\"@type\":\"PropertyValueSpecification\",\"valueRequired\":true,\"valueName\":\"search_term_string\"}}],\"inLanguage\":\"de\"}]}<\/script>\n<!-- \/ Yoast SEO plugin. -->","yoast_head_json":{"title":"ClimaComfort-Boxspring - ClimaComfort","description":"ClimaComfort matrassen bieden ultiem en betaalbaar slaapcomfort . Bestel hier snel uw voordelige, klimatiserende schuimmatrassen.","robots":{"index":"index","follow":"follow","max-snippet":"max-snippet:-1","max-image-preview":"max-image-preview:large","max-video-preview":"max-video-preview:-1"},"canonical":"https:\/\/www.clima-comfort.com\/de\/product\/climacomfort-boxspring\/","og_locale":"de_DE","og_type":"article","og_title":"ClimaComfort-Boxspring - ClimaComfort","og_description":"ClimaComfort matrassen bieden ultiem en betaalbaar slaapcomfort . Bestel hier snel uw voordelige, klimatiserende schuimmatrassen.","og_url":"https:\/\/www.clima-comfort.com\/de\/product\/climacomfort-boxspring\/","og_site_name":"ClimaComfort","article_modified_time":"2017-03-08T13:56:29+00:00","og_image":[{"width":1701,"height":1134,"url":"https:\/\/www.clima-comfort.com\/wp-content\/uploads\/2017\/03\/CBE8000.jpg","type":"image\/jpeg"}],"twitter_misc":{"Gesch\u00e4tzte Lesezeit":"1\u00a0Minute"},"schema":{"@context":"https:\/\/schema.org","@graph":[{"@type":"WebPage","@id":"https:\/\/www.clima-comfort.com\/de\/product\/climacomfort-boxspring\/","url":"https:\/\/www.clima-comfort.com\/de\/product\/climacomfort-boxspring\/","name":"ClimaComfort-Boxspring - ClimaComfort","isPartOf":{"@id":"https:\/\/www.clima-comfort.com\/#website"},"primaryImageOfPage":{"@id":"https:\/\/www.clima-comfort.com\/de\/product\/climacomfort-boxspring\/#primaryimage"},"image":{"@id":"https:\/\/www.clima-comfort.com\/de\/product\/climacomfort-boxspring\/#primaryimage"},"thumbnailUrl":"https:\/\/www.clima-comfort.com\/wp-content\/uploads\/2017\/03\/CBE8000.jpg","datePublished":"2015-05-27T09:07:50+00:00","dateModified":"2017-03-08T13:56:29+00:00","description":"ClimaComfort matrassen bieden ultiem en betaalbaar slaapcomfort . Bestel hier snel uw voordelige, klimatiserende schuimmatrassen.","breadcrumb":{"@id":"https:\/\/www.clima-comfort.com\/de\/product\/climacomfort-boxspring\/#breadcrumb"},"inLanguage":"de","potentialAction":[{"@type":"ReadAction","target":["https:\/\/www.clima-comfort.com\/de\/product\/climacomfort-boxspring\/"]}]},{"@type":"ImageObject","inLanguage":"de","@id":"https:\/\/www.clima-comfort.com\/de\/product\/climacomfort-boxspring\/#primaryimage","url":"https:\/\/www.clima-comfort.com\/wp-content\/uploads\/2017\/03\/CBE8000.jpg","contentUrl":"https:\/\/www.clima-comfort.com\/wp-content\/uploads\/2017\/03\/CBE8000.jpg","width":1701,"height":1134},{"@type":"BreadcrumbList","@id":"https:\/\/www.clima-comfort.com\/de\/product\/climacomfort-boxspring\/#breadcrumb","itemListElement":[{"@type":"ListItem","position":1,"name":"Home","item":"https:\/\/www.clima-comfort.com\/"},{"@type":"ListItem","position":2,"name":"Producten","item":"https:\/\/www.clima-comfort.com\/producten\/"},{"@type":"ListItem","position":3,"name":"ClimaComfort-Boxspring"}]},{"@type":"WebSite","@id":"https:\/\/www.clima-comfort.com\/#website","url":"https:\/\/www.clima-comfort.com\/","name":"ClimaComfort","description":"Matrassen met een uniek gevoel!","potentialAction":[{"@type":"SearchAction","target":{"@type":"EntryPoint","urlTemplate":"https:\/\/www.clima-comfort.com\/?s={search_term_string}"},"query-input":{"@type":"PropertyValueSpecification","valueRequired":true,"valueName":"search_term_string"}}],"inLanguage":"de"}]}},"_links":{"self":[{"href":"https:\/\/www.clima-comfort.com\/de\/wp-json\/wp\/v2\/product\/641","targetHints":{"allow":["GET"]}}],"collection":[{"href":"https:\/\/www.clima-comfort.com\/de\/wp-json\/wp\/v2\/product"}],"about":[{"href":"https:\/\/www.clima-comfort.com\/de\/wp-json\/wp\/v2\/types\/product"}],"replies":[{"embeddable":true,"href":"https:\/\/www.clima-comfort.com\/de\/wp-json\/wp\/v2\/comments?post=641"}],"wp:featuredmedia":[{"embeddable":true,"href":"https:\/\/www.clima-comfort.com\/de\/wp-json\/wp\/v2\/media\/1857"}],"wp:attachment":[{"href":"https:\/\/www.clima-comfort.com\/de\/wp-json\/wp\/v2\/media?parent=641"}],"wp:term":[{"taxonomy":"product_brand","embeddable":true,"href":"https:\/\/www.clima-comfort.com\/de\/wp-json\/wp\/v2\/product_brand?post=641"},{"taxonomy":"product_cat","embeddable":true,"href":"https:\/\/www.clima-comfort.com\/de\/wp-json\/wp\/v2\/product_cat?post=641"},{"taxonomy":"product_tag","embeddable":true,"href":"https:\/\/www.clima-comfort.com\/de\/wp-json\/wp\/v2\/product_tag?post=641"}],"curies":[{"name":"wp","href":"https:\/\/api.w.org\/{rel}","templated":true}]}}