{"id":643,"date":"2015-05-27T10:09:04","date_gmt":"2015-05-27T09:09:04","guid":{"rendered":"http:\/\/comclimacom-hodu.savviihq.com\/?post_type=product&#038;p=643"},"modified":"2015-06-12T09:00:49","modified_gmt":"2015-06-12T08:00:49","slug":"climacomfort-st4000-matratze","status":"publish","type":"product","link":"https:\/\/www.clima-comfort.com\/de\/product\/climacomfort-st4000-matratze\/","title":{"rendered":"ClimaComfort ST4000 Matratze"},"content":{"rendered":"<p>&nbsp;<\/p>\n<p>Die oberen Lagen dieser Matratze entsprechen denen der ST3000 und sorgen f\u00fcr eine sehr gute Klimaregulierung und eine ideale Druckverteilung. Sie f\u00fchlen die optimale Entspannung ohne Gegendruck und Temperaturanstieg. Die Taschenfederung mit sieben Komfortzonen unterst\u00fctzt den K\u00f6rper dort, wo es n\u00f6tig ist.<\/p>\n<p><a title=\"\" href=\"https:\/\/clima-comfort.com\/wp-content\/uploads\/2014\/12\/st4000-matras1.jpg\" rel=\"lightbox\" data-rel=\"lightbox-image-0\" data-rl_title=\"\" data-rl_caption=\"\"><img loading=\"lazy\" decoding=\"async\" class=\"alignnone size-thumbnail wp-image-286\" src=\"https:\/\/clima-comfort.com\/wp-content\/uploads\/2014\/12\/st4000-matras1-208x138.jpg\" alt=\"ClimaComfort ST4000 Matras\" width=\"208\" height=\"138\" \/><\/a><\/p>\n","protected":false},"excerpt":{"rendered":"<p>&nbsp; Die oberen Lagen dieser Matratze entsprechen denen der ST3000 und sorgen f\u00fcr eine sehr gute Klimaregulierung und eine ideale Druckverteilung. Sie f\u00fchlen die optimale Entspannung ohne Gegendruck und Temperaturanstieg. Die Taschenfederung mit sieben Komfortzonen unterst\u00fctzt den K\u00f6rper dort, wo es n\u00f6tig ist.<\/p>\n","protected":false},"featured_media":323,"comment_status":"open","ping_status":"closed","template":"","meta":{"_acf_changed":false},"product_brand":[],"product_cat":[8],"product_tag":[],"class_list":{"0":"post-643","1":"product","2":"type-product","3":"status-publish","4":"has-post-thumbnail","6":"product_cat-matrassen-nl","8":"first","9":"instock","10":"shipping-taxable","11":"purchasable","12":"product-type-simple"},"acf":[],"yoast_head":"<!-- This site is optimized with the Yoast SEO plugin v24.4 - https:\/\/yoast.com\/wordpress\/plugins\/seo\/ -->\n<title>ClimaComfort ST4000 Matratze - ClimaComfort<\/title>\n<meta name=\"description\" content=\"ClimaComfort matrassen bieden ultiem en betaalbaar slaapcomfort . Bestel hier snel uw voordelige, klimatiserende schuimmatrassen.\" \/>\n<meta name=\"robots\" content=\"index, follow, max-snippet:-1, max-image-preview:large, max-video-preview:-1\" \/>\n<link rel=\"canonical\" href=\"https:\/\/www.clima-comfort.com\/de\/product\/climacomfort-st4000-matratze\/\" \/>\n<meta property=\"og:locale\" content=\"de_DE\" \/>\n<meta property=\"og:type\" content=\"article\" \/>\n<meta property=\"og:title\" content=\"ClimaComfort ST4000 Matratze - ClimaComfort\" \/>\n<meta property=\"og:description\" content=\"ClimaComfort matrassen bieden ultiem en betaalbaar slaapcomfort . Bestel hier snel uw voordelige, klimatiserende schuimmatrassen.\" \/>\n<meta property=\"og:url\" content=\"https:\/\/www.clima-comfort.com\/de\/product\/climacomfort-st4000-matratze\/\" \/>\n<meta property=\"og:site_name\" content=\"ClimaComfort\" \/>\n<meta property=\"article:modified_time\" content=\"2015-06-12T08:00:49+00:00\" \/>\n<meta property=\"og:image\" content=\"https:\/\/www.clima-comfort.com\/wp-content\/uploads\/2014\/12\/st4000-matras1.jpg\" \/>\n\t<meta property=\"og:image:width\" content=\"1200\" \/>\n\t<meta property=\"og:image:height\" content=\"600\" \/>\n\t<meta property=\"og:image:type\" content=\"image\/jpeg\" \/>\n<script type=\"application\/ld+json\" class=\"yoast-schema-graph\">{\"@context\":\"https:\/\/schema.org\",\"@graph\":[{\"@type\":\"WebPage\",\"@id\":\"https:\/\/www.clima-comfort.com\/de\/product\/climacomfort-st4000-matratze\/\",\"url\":\"https:\/\/www.clima-comfort.com\/de\/product\/climacomfort-st4000-matratze\/\",\"name\":\"ClimaComfort ST4000 Matratze - ClimaComfort\",\"isPartOf\":{\"@id\":\"https:\/\/www.clima-comfort.com\/#website\"},\"primaryImageOfPage\":{\"@id\":\"https:\/\/www.clima-comfort.com\/de\/product\/climacomfort-st4000-matratze\/#primaryimage\"},\"image\":{\"@id\":\"https:\/\/www.clima-comfort.com\/de\/product\/climacomfort-st4000-matratze\/#primaryimage\"},\"thumbnailUrl\":\"https:\/\/www.clima-comfort.com\/wp-content\/uploads\/2014\/12\/st4000-matras1.jpg\",\"datePublished\":\"2015-05-27T09:09:04+00:00\",\"dateModified\":\"2015-06-12T08:00:49+00:00\",\"description\":\"ClimaComfort matrassen bieden ultiem en betaalbaar slaapcomfort . Bestel hier snel uw voordelige, klimatiserende schuimmatrassen.\",\"breadcrumb\":{\"@id\":\"https:\/\/www.clima-comfort.com\/de\/product\/climacomfort-st4000-matratze\/#breadcrumb\"},\"inLanguage\":\"de\",\"potentialAction\":[{\"@type\":\"ReadAction\",\"target\":[\"https:\/\/www.clima-comfort.com\/de\/product\/climacomfort-st4000-matratze\/\"]}]},{\"@type\":\"ImageObject\",\"inLanguage\":\"de\",\"@id\":\"https:\/\/www.clima-comfort.com\/de\/product\/climacomfort-st4000-matratze\/#primaryimage\",\"url\":\"https:\/\/www.clima-comfort.com\/wp-content\/uploads\/2014\/12\/st4000-matras1.jpg\",\"contentUrl\":\"https:\/\/www.clima-comfort.com\/wp-content\/uploads\/2014\/12\/st4000-matras1.jpg\",\"width\":1200,\"height\":600,\"caption\":\"ST4000 ClimaComfort Matras\"},{\"@type\":\"BreadcrumbList\",\"@id\":\"https:\/\/www.clima-comfort.com\/de\/product\/climacomfort-st4000-matratze\/#breadcrumb\",\"itemListElement\":[{\"@type\":\"ListItem\",\"position\":1,\"name\":\"Home\",\"item\":\"https:\/\/www.clima-comfort.com\/\"},{\"@type\":\"ListItem\",\"position\":2,\"name\":\"Producten\",\"item\":\"https:\/\/www.clima-comfort.com\/producten\/\"},{\"@type\":\"ListItem\",\"position\":3,\"name\":\"ClimaComfort ST4000 Matratze\"}]},{\"@type\":\"WebSite\",\"@id\":\"https:\/\/www.clima-comfort.com\/#website\",\"url\":\"https:\/\/www.clima-comfort.com\/\",\"name\":\"ClimaComfort\",\"description\":\"Matrassen met een uniek gevoel!\",\"potentialAction\":[{\"@type\":\"SearchAction\",\"target\":{\"@type\":\"EntryPoint\",\"urlTemplate\":\"https:\/\/www.clima-comfort.com\/?s={search_term_string}\"},\"query-input\":{\"@type\":\"PropertyValueSpecification\",\"valueRequired\":true,\"valueName\":\"search_term_string\"}}],\"inLanguage\":\"de\"}]}<\/script>\n<!-- \/ Yoast SEO plugin. -->","yoast_head_json":{"title":"ClimaComfort ST4000 Matratze - ClimaComfort","description":"ClimaComfort matrassen bieden ultiem en betaalbaar slaapcomfort . Bestel hier snel uw voordelige, klimatiserende schuimmatrassen.","robots":{"index":"index","follow":"follow","max-snippet":"max-snippet:-1","max-image-preview":"max-image-preview:large","max-video-preview":"max-video-preview:-1"},"canonical":"https:\/\/www.clima-comfort.com\/de\/product\/climacomfort-st4000-matratze\/","og_locale":"de_DE","og_type":"article","og_title":"ClimaComfort ST4000 Matratze - ClimaComfort","og_description":"ClimaComfort matrassen bieden ultiem en betaalbaar slaapcomfort . Bestel hier snel uw voordelige, klimatiserende schuimmatrassen.","og_url":"https:\/\/www.clima-comfort.com\/de\/product\/climacomfort-st4000-matratze\/","og_site_name":"ClimaComfort","article_modified_time":"2015-06-12T08:00:49+00:00","og_image":[{"width":1200,"height":600,"url":"https:\/\/www.clima-comfort.com\/wp-content\/uploads\/2014\/12\/st4000-matras1.jpg","type":"image\/jpeg"}],"schema":{"@context":"https:\/\/schema.org","@graph":[{"@type":"WebPage","@id":"https:\/\/www.clima-comfort.com\/de\/product\/climacomfort-st4000-matratze\/","url":"https:\/\/www.clima-comfort.com\/de\/product\/climacomfort-st4000-matratze\/","name":"ClimaComfort ST4000 Matratze - ClimaComfort","isPartOf":{"@id":"https:\/\/www.clima-comfort.com\/#website"},"primaryImageOfPage":{"@id":"https:\/\/www.clima-comfort.com\/de\/product\/climacomfort-st4000-matratze\/#primaryimage"},"image":{"@id":"https:\/\/www.clima-comfort.com\/de\/product\/climacomfort-st4000-matratze\/#primaryimage"},"thumbnailUrl":"https:\/\/www.clima-comfort.com\/wp-content\/uploads\/2014\/12\/st4000-matras1.jpg","datePublished":"2015-05-27T09:09:04+00:00","dateModified":"2015-06-12T08:00:49+00:00","description":"ClimaComfort matrassen bieden ultiem en betaalbaar slaapcomfort . Bestel hier snel uw voordelige, klimatiserende schuimmatrassen.","breadcrumb":{"@id":"https:\/\/www.clima-comfort.com\/de\/product\/climacomfort-st4000-matratze\/#breadcrumb"},"inLanguage":"de","potentialAction":[{"@type":"ReadAction","target":["https:\/\/www.clima-comfort.com\/de\/product\/climacomfort-st4000-matratze\/"]}]},{"@type":"ImageObject","inLanguage":"de","@id":"https:\/\/www.clima-comfort.com\/de\/product\/climacomfort-st4000-matratze\/#primaryimage","url":"https:\/\/www.clima-comfort.com\/wp-content\/uploads\/2014\/12\/st4000-matras1.jpg","contentUrl":"https:\/\/www.clima-comfort.com\/wp-content\/uploads\/2014\/12\/st4000-matras1.jpg","width":1200,"height":600,"caption":"ST4000 ClimaComfort Matras"},{"@type":"BreadcrumbList","@id":"https:\/\/www.clima-comfort.com\/de\/product\/climacomfort-st4000-matratze\/#breadcrumb","itemListElement":[{"@type":"ListItem","position":1,"name":"Home","item":"https:\/\/www.clima-comfort.com\/"},{"@type":"ListItem","position":2,"name":"Producten","item":"https:\/\/www.clima-comfort.com\/producten\/"},{"@type":"ListItem","position":3,"name":"ClimaComfort ST4000 Matratze"}]},{"@type":"WebSite","@id":"https:\/\/www.clima-comfort.com\/#website","url":"https:\/\/www.clima-comfort.com\/","name":"ClimaComfort","description":"Matrassen met een uniek gevoel!","potentialAction":[{"@type":"SearchAction","target":{"@type":"EntryPoint","urlTemplate":"https:\/\/www.clima-comfort.com\/?s={search_term_string}"},"query-input":{"@type":"PropertyValueSpecification","valueRequired":true,"valueName":"search_term_string"}}],"inLanguage":"de"}]}},"_links":{"self":[{"href":"https:\/\/www.clima-comfort.com\/de\/wp-json\/wp\/v2\/product\/643","targetHints":{"allow":["GET"]}}],"collection":[{"href":"https:\/\/www.clima-comfort.com\/de\/wp-json\/wp\/v2\/product"}],"about":[{"href":"https:\/\/www.clima-comfort.com\/de\/wp-json\/wp\/v2\/types\/product"}],"replies":[{"embeddable":true,"href":"https:\/\/www.clima-comfort.com\/de\/wp-json\/wp\/v2\/comments?post=643"}],"wp:featuredmedia":[{"embeddable":true,"href":"https:\/\/www.clima-comfort.com\/de\/wp-json\/wp\/v2\/media\/323"}],"wp:attachment":[{"href":"https:\/\/www.clima-comfort.com\/de\/wp-json\/wp\/v2\/media?parent=643"}],"wp:term":[{"taxonomy":"product_brand","embeddable":true,"href":"https:\/\/www.clima-comfort.com\/de\/wp-json\/wp\/v2\/product_brand?post=643"},{"taxonomy":"product_cat","embeddable":true,"href":"https:\/\/www.clima-comfort.com\/de\/wp-json\/wp\/v2\/product_cat?post=643"},{"taxonomy":"product_tag","embeddable":true,"href":"https:\/\/www.clima-comfort.com\/de\/wp-json\/wp\/v2\/product_tag?post=643"}],"curies":[{"name":"wp","href":"https:\/\/api.w.org\/{rel}","templated":true}]}}